{"id":9096,"date":"2026-04-10T03:57:37","date_gmt":"2026-04-10T00:57:37","guid":{"rendered":"https:\/\/eveikals.citro.lv\/ventspils\/veikals\/biezenis-hipp-risi-ar-brok-190g\/"},"modified":"2026-04-10T03:57:41","modified_gmt":"2026-04-10T00:57:41","slug":"biezenis-hipp-risi-ar-brokoliem-un-trusa-galu-220g","status":"publish","type":"product","link":"https:\/\/ventspils.citro.lv\/ru\/veikals\/biezenis-hipp-risi-ar-brokoliem-un-trusa-galu-220g\/","title":{"rendered":"Biezenis Hipp r\u012bsi ar broko\u013ciem un tru\u0161a ga\u013cu 220g"},"content":{"rendered":"","protected":false},"excerpt":{"rendered":"<p>13.37 \u20ac\/kg<\/p>\n","protected":false},"featured_media":1242720,"template":"","meta":{"_acf_changed":false,"inline_featured_image":false},"product_cat":[172,173],"product_tag":[],"acf":[],"aioseo_notices":[],"_links":{"self":[{"href":"https:\/\/ventspils.citro.lv\/ru\/wp-json\/wp\/v2\/product\/9096"}],"collection":[{"href":"https:\/\/ventspils.citro.lv\/ru\/wp-json\/wp\/v2\/product"}],"about":[{"href":"https:\/\/ventspils.citro.lv\/ru\/wp-json\/wp\/v2\/types\/product"}],"wp:featuredmedia":[{"embeddable":true,"href":"https:\/\/ventspils.citro.lv\/ru\/wp-json\/wp\/v2\/media\/1242720"}],"wp:attachment":[{"href":"https:\/\/ventspils.citro.lv\/ru\/wp-json\/wp\/v2\/media?parent=9096"}],"wp:term":[{"taxonomy":"product_cat","embeddable":true,"href":"https:\/\/ventspils.citro.lv\/ru\/wp-json\/wp\/v2\/product_cat?post=9096"},{"taxonomy":"product_tag","embeddable":true,"href":"https:\/\/ventspils.citro.lv\/ru\/wp-json\/wp\/v2\/product_tag?post=9096"}],"curies":[{"name":"wp","href":"https:\/\/api.w.org\/{rel}","templated":true}]}}