{"id":9082,"date":"2026-03-12T02:42:51","date_gmt":"2026-03-12T00:42:51","guid":{"rendered":"https:\/\/eveikals.citro.lv\/ventspils\/veikals\/mineraludens-evian-negazets-1-5l\/"},"modified":"2026-04-20T16:26:58","modified_gmt":"2026-04-20T13:26:58","slug":"mineraludens-evian-negazets-1-5l","status":"publish","type":"product","link":"https:\/\/ventspils.citro.lv\/ru\/veikals\/mineraludens-evian-negazets-1-5l\/","title":{"rendered":"Miner\u0101l\u016bdens Evian neg\u0101z\u0113ts 1.5l"},"content":{"rendered":"","protected":false},"excerpt":{"rendered":"<p>0.86 \u20ac\/l<\/p>\n","protected":false},"featured_media":1223548,"template":"","meta":{"_acf_changed":false,"inline_featured_image":false},"product_cat":[106,186],"product_tag":[],"acf":[],"aioseo_notices":[],"_links":{"self":[{"href":"https:\/\/ventspils.citro.lv\/ru\/wp-json\/wp\/v2\/product\/9082"}],"collection":[{"href":"https:\/\/ventspils.citro.lv\/ru\/wp-json\/wp\/v2\/product"}],"about":[{"href":"https:\/\/ventspils.citro.lv\/ru\/wp-json\/wp\/v2\/types\/product"}],"wp:featuredmedia":[{"embeddable":true,"href":"https:\/\/ventspils.citro.lv\/ru\/wp-json\/wp\/v2\/media\/1223548"}],"wp:attachment":[{"href":"https:\/\/ventspils.citro.lv\/ru\/wp-json\/wp\/v2\/media?parent=9082"}],"wp:term":[{"taxonomy":"product_cat","embeddable":true,"href":"https:\/\/ventspils.citro.lv\/ru\/wp-json\/wp\/v2\/product_cat?post=9082"},{"taxonomy":"product_tag","embeddable":true,"href":"https:\/\/ventspils.citro.lv\/ru\/wp-json\/wp\/v2\/product_tag?post=9082"}],"curies":[{"name":"wp","href":"https:\/\/api.w.org\/{rel}","templated":true}]}}