{"id":9079,"date":"2026-05-12T03:36:50","date_gmt":"2026-05-12T00:36:50","guid":{"rendered":"https:\/\/eveikals.citro.lv\/ventspils\/veikals\/teja-mozums-lielo-lapu-100g-berama\/"},"modified":"2026-05-12T03:37:00","modified_gmt":"2026-05-12T00:37:00","slug":"teja-mozums-lielo-lapu-100g-berama","status":"publish","type":"product","link":"https:\/\/ventspils.citro.lv\/ru\/veikals\/teja-mozums-lielo-lapu-100g-berama\/","title":{"rendered":"T\u0113ja Mo\u017eums lielo lapu 100g beram\u0101"},"content":{"rendered":"","protected":false},"excerpt":{"rendered":"<p>23.20 \u20ac\/kg<\/p>\n","protected":false},"featured_media":1258617,"template":"","meta":{"_acf_changed":false,"inline_featured_image":false},"product_cat":[142,143],"product_tag":[],"acf":[],"aioseo_notices":[],"_links":{"self":[{"href":"https:\/\/ventspils.citro.lv\/ru\/wp-json\/wp\/v2\/product\/9079"}],"collection":[{"href":"https:\/\/ventspils.citro.lv\/ru\/wp-json\/wp\/v2\/product"}],"about":[{"href":"https:\/\/ventspils.citro.lv\/ru\/wp-json\/wp\/v2\/types\/product"}],"wp:featuredmedia":[{"embeddable":true,"href":"https:\/\/ventspils.citro.lv\/ru\/wp-json\/wp\/v2\/media\/1258617"}],"wp:attachment":[{"href":"https:\/\/ventspils.citro.lv\/ru\/wp-json\/wp\/v2\/media?parent=9079"}],"wp:term":[{"taxonomy":"product_cat","embeddable":true,"href":"https:\/\/ventspils.citro.lv\/ru\/wp-json\/wp\/v2\/product_cat?post=9079"},{"taxonomy":"product_tag","embeddable":true,"href":"https:\/\/ventspils.citro.lv\/ru\/wp-json\/wp\/v2\/product_tag?post=9079"}],"curies":[{"name":"wp","href":"https:\/\/api.w.org\/{rel}","templated":true}]}}