{"id":9074,"date":"2026-04-08T02:33:02","date_gmt":"2026-04-07T23:33:02","guid":{"rendered":"https:\/\/eveikals.citro.lv\/ventspils\/veikals\/sokolade-schogetten-lazdu-riekstu-100g\/"},"modified":"2026-04-08T02:33:12","modified_gmt":"2026-04-07T23:33:12","slug":"sokolade-schogetten-lazdu-riekstu-100g","status":"publish","type":"product","link":"https:\/\/ventspils.citro.lv\/ru\/veikals\/sokolade-schogetten-lazdu-riekstu-100g\/","title":{"rendered":"\u0160okol\u0101de Schogetten lazdu riekstu 100g"},"content":{"rendered":"<p>Cukurs, kakao sviests, SALD\u0100 KR\u0112JUMA PULVIERIS, LAZDU RIEKSTI(10%), kakao masa, PILNPIENA pulveris, PIENA tauki, emulgatori (SOJASlecit\u012bns), dab\u012bgs AROMATIZ\u0112TAJS (vanil\u012bns). Piena \u0161okol\u0101de\u00a0saturs ne maz\u0101k k\u0101 30% kop\u0113j\u0101s kakao saus\u0101s masas<\/p>\n","protected":false},"excerpt":{"rendered":"<p>24.90 \u20ac\/kg<\/p>\n","protected":false},"featured_media":1240328,"template":"","meta":{"_acf_changed":false,"inline_featured_image":false},"product_cat":[547,125],"product_tag":[],"acf":[],"aioseo_notices":[],"_links":{"self":[{"href":"https:\/\/ventspils.citro.lv\/ru\/wp-json\/wp\/v2\/product\/9074"}],"collection":[{"href":"https:\/\/ventspils.citro.lv\/ru\/wp-json\/wp\/v2\/product"}],"about":[{"href":"https:\/\/ventspils.citro.lv\/ru\/wp-json\/wp\/v2\/types\/product"}],"wp:featuredmedia":[{"embeddable":true,"href":"https:\/\/ventspils.citro.lv\/ru\/wp-json\/wp\/v2\/media\/1240328"}],"wp:attachment":[{"href":"https:\/\/ventspils.citro.lv\/ru\/wp-json\/wp\/v2\/media?parent=9074"}],"wp:term":[{"taxonomy":"product_cat","embeddable":true,"href":"https:\/\/ventspils.citro.lv\/ru\/wp-json\/wp\/v2\/product_cat?post=9074"},{"taxonomy":"product_tag","embeddable":true,"href":"https:\/\/ventspils.citro.lv\/ru\/wp-json\/wp\/v2\/product_tag?post=9074"}],"curies":[{"name":"wp","href":"https:\/\/api.w.org\/{rel}","templated":true}]}}