{"id":9048,"date":"2026-03-27T04:18:27","date_gmt":"2026-03-27T02:18:27","guid":{"rendered":"https:\/\/eveikals.citro.lv\/ventspils\/veikals\/kafija-skistosa-jacobs-kronung-100g\/"},"modified":"2026-03-27T04:18:31","modified_gmt":"2026-03-27T02:18:31","slug":"kafija-skistosa-jacobs-kronung-100g","status":"publish","type":"product","link":"https:\/\/ventspils.citro.lv\/ru\/veikals\/kafija-skistosa-jacobs-kronung-100g\/","title":{"rendered":"Kafija \u0161\u0137\u012bsto\u0161\u0101 Jacobs Kronung 100g"},"content":{"rendered":"","protected":false},"excerpt":{"rendered":"<p>86.90 \u20ac\/kg<\/p>\n","protected":false},"featured_media":1235121,"template":"","meta":{"_acf_changed":false,"inline_featured_image":false},"product_cat":[538,142],"product_tag":[],"acf":[],"aioseo_notices":[],"_links":{"self":[{"href":"https:\/\/ventspils.citro.lv\/ru\/wp-json\/wp\/v2\/product\/9048"}],"collection":[{"href":"https:\/\/ventspils.citro.lv\/ru\/wp-json\/wp\/v2\/product"}],"about":[{"href":"https:\/\/ventspils.citro.lv\/ru\/wp-json\/wp\/v2\/types\/product"}],"wp:featuredmedia":[{"embeddable":true,"href":"https:\/\/ventspils.citro.lv\/ru\/wp-json\/wp\/v2\/media\/1235121"}],"wp:attachment":[{"href":"https:\/\/ventspils.citro.lv\/ru\/wp-json\/wp\/v2\/media?parent=9048"}],"wp:term":[{"taxonomy":"product_cat","embeddable":true,"href":"https:\/\/ventspils.citro.lv\/ru\/wp-json\/wp\/v2\/product_cat?post=9048"},{"taxonomy":"product_tag","embeddable":true,"href":"https:\/\/ventspils.citro.lv\/ru\/wp-json\/wp\/v2\/product_tag?post=9048"}],"curies":[{"name":"wp","href":"https:\/\/api.w.org\/{rel}","templated":true}]}}