{"id":9013,"date":"2026-04-30T01:33:35","date_gmt":"2026-04-29T22:33:35","guid":{"rendered":"https:\/\/eveikals.citro.lv\/ventspils\/veikals\/zefirs-vanilas-200g-miksta-pacina\/"},"modified":"2026-04-30T01:33:42","modified_gmt":"2026-04-29T22:33:42","slug":"zefirs-vanilas-200g-miksta-pacina","status":"publish","type":"product","link":"https:\/\/ventspils.citro.lv\/ru\/veikals\/zefirs-vanilas-200g-miksta-pacina\/","title":{"rendered":"Zef\u012brs vani\u013cas 200g (m\u012bkst\u0101 paci\u0146a)"},"content":{"rendered":"","protected":false},"excerpt":{"rendered":"<p>9.95 \u20ac\/kg<\/p>\n","protected":false},"featured_media":1254889,"template":"","meta":{"_acf_changed":false,"inline_featured_image":false},"product_cat":[125,207],"product_tag":[],"acf":[],"aioseo_notices":[],"_links":{"self":[{"href":"https:\/\/ventspils.citro.lv\/ru\/wp-json\/wp\/v2\/product\/9013"}],"collection":[{"href":"https:\/\/ventspils.citro.lv\/ru\/wp-json\/wp\/v2\/product"}],"about":[{"href":"https:\/\/ventspils.citro.lv\/ru\/wp-json\/wp\/v2\/types\/product"}],"wp:featuredmedia":[{"embeddable":true,"href":"https:\/\/ventspils.citro.lv\/ru\/wp-json\/wp\/v2\/media\/1254889"}],"wp:attachment":[{"href":"https:\/\/ventspils.citro.lv\/ru\/wp-json\/wp\/v2\/media?parent=9013"}],"wp:term":[{"taxonomy":"product_cat","embeddable":true,"href":"https:\/\/ventspils.citro.lv\/ru\/wp-json\/wp\/v2\/product_cat?post=9013"},{"taxonomy":"product_tag","embeddable":true,"href":"https:\/\/ventspils.citro.lv\/ru\/wp-json\/wp\/v2\/product_tag?post=9013"}],"curies":[{"name":"wp","href":"https:\/\/api.w.org\/{rel}","templated":true}]}}