{"id":9009,"date":"2026-04-24T04:00:37","date_gmt":"2026-04-24T01:00:37","guid":{"rendered":"https:\/\/eveikals.citro.lv\/ventspils\/veikals\/zefirs-krejuma-200g-miksta-pacina\/"},"modified":"2026-04-24T04:00:43","modified_gmt":"2026-04-24T01:00:43","slug":"zefirs-krejuma-200g-miksta-pacina","status":"publish","type":"product","link":"https:\/\/ventspils.citro.lv\/ru\/veikals\/zefirs-krejuma-200g-miksta-pacina\/","title":{"rendered":"Zef\u012brs kr\u0113juma 200g (m\u012bkst\u0101 paci\u0146a)"},"content":{"rendered":"","protected":false},"excerpt":{"rendered":"<p>13.45 \u20ac\/kg<\/p>\n","protected":false},"featured_media":1251415,"template":"","meta":{"_acf_changed":false,"inline_featured_image":false},"product_cat":[125,207],"product_tag":[],"acf":[],"aioseo_notices":[],"_links":{"self":[{"href":"https:\/\/ventspils.citro.lv\/ru\/wp-json\/wp\/v2\/product\/9009"}],"collection":[{"href":"https:\/\/ventspils.citro.lv\/ru\/wp-json\/wp\/v2\/product"}],"about":[{"href":"https:\/\/ventspils.citro.lv\/ru\/wp-json\/wp\/v2\/types\/product"}],"wp:featuredmedia":[{"embeddable":true,"href":"https:\/\/ventspils.citro.lv\/ru\/wp-json\/wp\/v2\/media\/1251415"}],"wp:attachment":[{"href":"https:\/\/ventspils.citro.lv\/ru\/wp-json\/wp\/v2\/media?parent=9009"}],"wp:term":[{"taxonomy":"product_cat","embeddable":true,"href":"https:\/\/ventspils.citro.lv\/ru\/wp-json\/wp\/v2\/product_cat?post=9009"},{"taxonomy":"product_tag","embeddable":true,"href":"https:\/\/ventspils.citro.lv\/ru\/wp-json\/wp\/v2\/product_tag?post=9009"}],"curies":[{"name":"wp","href":"https:\/\/api.w.org\/{rel}","templated":true}]}}