{"id":8986,"date":"2026-04-25T00:51:50","date_gmt":"2026-04-24T21:51:50","guid":{"rendered":"https:\/\/eveikals.citro.lv\/ventspils\/veikals\/teja-mozums-kumelite-20gb-20g\/"},"modified":"2026-04-25T00:51:57","modified_gmt":"2026-04-24T21:51:57","slug":"teja-mozums-kumelite-20gb-20g","status":"publish","type":"product","link":"https:\/\/ventspils.citro.lv\/ru\/veikals\/teja-mozums-kumelite-20gb-20g\/","title":{"rendered":"T\u0113ja Mo\u017eums kumel\u012bte 20gb 20g"},"content":{"rendered":"","protected":false},"excerpt":{"rendered":"<p>42.50 \u20ac\/kg<\/p>\n","protected":false},"featured_media":1253504,"template":"","meta":{"_acf_changed":false,"inline_featured_image":false},"product_cat":[142,143],"product_tag":[],"acf":[],"aioseo_notices":[],"_links":{"self":[{"href":"https:\/\/ventspils.citro.lv\/ru\/wp-json\/wp\/v2\/product\/8986"}],"collection":[{"href":"https:\/\/ventspils.citro.lv\/ru\/wp-json\/wp\/v2\/product"}],"about":[{"href":"https:\/\/ventspils.citro.lv\/ru\/wp-json\/wp\/v2\/types\/product"}],"wp:featuredmedia":[{"embeddable":true,"href":"https:\/\/ventspils.citro.lv\/ru\/wp-json\/wp\/v2\/media\/1253504"}],"wp:attachment":[{"href":"https:\/\/ventspils.citro.lv\/ru\/wp-json\/wp\/v2\/media?parent=8986"}],"wp:term":[{"taxonomy":"product_cat","embeddable":true,"href":"https:\/\/ventspils.citro.lv\/ru\/wp-json\/wp\/v2\/product_cat?post=8986"},{"taxonomy":"product_tag","embeddable":true,"href":"https:\/\/ventspils.citro.lv\/ru\/wp-json\/wp\/v2\/product_tag?post=8986"}],"curies":[{"name":"wp","href":"https:\/\/api.w.org\/{rel}","templated":true}]}}