{"id":8985,"date":"2026-04-10T03:25:55","date_gmt":"2026-04-10T00:25:55","guid":{"rendered":"https:\/\/eveikals.citro.lv\/ventspils\/veikals\/teja-mozums-mezrozu-ar-virviti-20gb-35g\/"},"modified":"2026-04-10T03:26:07","modified_gmt":"2026-04-10T00:26:07","slug":"teja-mozums-mezrozu-ar-virviti-20gb-35g","status":"publish","type":"product","link":"https:\/\/ventspils.citro.lv\/ru\/veikals\/teja-mozums-mezrozu-ar-virviti-20gb-35g\/","title":{"rendered":"T\u0113ja Mo\u017eums me\u017ero\u017eu ar virv\u012bti 20gb 35g"},"content":{"rendered":"","protected":false},"excerpt":{"rendered":"<p>32.00 \u20ac\/kg<\/p>\n","protected":false},"featured_media":1242572,"template":"","meta":{"_acf_changed":false,"inline_featured_image":false},"product_cat":[142,143],"product_tag":[],"acf":[],"aioseo_notices":[],"_links":{"self":[{"href":"https:\/\/ventspils.citro.lv\/ru\/wp-json\/wp\/v2\/product\/8985"}],"collection":[{"href":"https:\/\/ventspils.citro.lv\/ru\/wp-json\/wp\/v2\/product"}],"about":[{"href":"https:\/\/ventspils.citro.lv\/ru\/wp-json\/wp\/v2\/types\/product"}],"wp:featuredmedia":[{"embeddable":true,"href":"https:\/\/ventspils.citro.lv\/ru\/wp-json\/wp\/v2\/media\/1242572"}],"wp:attachment":[{"href":"https:\/\/ventspils.citro.lv\/ru\/wp-json\/wp\/v2\/media?parent=8985"}],"wp:term":[{"taxonomy":"product_cat","embeddable":true,"href":"https:\/\/ventspils.citro.lv\/ru\/wp-json\/wp\/v2\/product_cat?post=8985"},{"taxonomy":"product_tag","embeddable":true,"href":"https:\/\/ventspils.citro.lv\/ru\/wp-json\/wp\/v2\/product_tag?post=8985"}],"curies":[{"name":"wp","href":"https:\/\/api.w.org\/{rel}","templated":true}]}}