{"id":8940,"date":"2026-04-24T03:43:20","date_gmt":"2026-04-24T00:43:20","guid":{"rendered":"https:\/\/eveikals.citro.lv\/ventspils\/veikals\/miltu-maisijums-kekss-sokolades-450g\/"},"modified":"2026-05-02T20:56:44","modified_gmt":"2026-05-02T17:56:44","slug":"miltu-maisijums-kekss-sokolades-450g","status":"publish","type":"product","link":"https:\/\/ventspils.citro.lv\/ru\/veikals\/miltu-maisijums-kekss-sokolades-450g\/","title":{"rendered":"Miltu mais\u012bjums K\u0113kss \u0161okol\u0101des 450g"},"content":{"rendered":"","protected":false},"excerpt":{"rendered":"<p>4.42 \u20ac\/kg<\/p>\n","protected":false},"featured_media":1251345,"template":"","meta":{"_acf_changed":false,"inline_featured_image":false},"product_cat":[118,120],"product_tag":[],"acf":[],"aioseo_notices":[],"_links":{"self":[{"href":"https:\/\/ventspils.citro.lv\/ru\/wp-json\/wp\/v2\/product\/8940"}],"collection":[{"href":"https:\/\/ventspils.citro.lv\/ru\/wp-json\/wp\/v2\/product"}],"about":[{"href":"https:\/\/ventspils.citro.lv\/ru\/wp-json\/wp\/v2\/types\/product"}],"wp:featuredmedia":[{"embeddable":true,"href":"https:\/\/ventspils.citro.lv\/ru\/wp-json\/wp\/v2\/media\/1251345"}],"wp:attachment":[{"href":"https:\/\/ventspils.citro.lv\/ru\/wp-json\/wp\/v2\/media?parent=8940"}],"wp:term":[{"taxonomy":"product_cat","embeddable":true,"href":"https:\/\/ventspils.citro.lv\/ru\/wp-json\/wp\/v2\/product_cat?post=8940"},{"taxonomy":"product_tag","embeddable":true,"href":"https:\/\/ventspils.citro.lv\/ru\/wp-json\/wp\/v2\/product_tag?post=8940"}],"curies":[{"name":"wp","href":"https:\/\/api.w.org\/{rel}","templated":true}]}}