{"id":893856,"date":"2026-01-29T00:06:03","date_gmt":"2026-01-28T22:06:03","guid":{"rendered":"https:\/\/ventspils.citro.lv\/veikals\/tartalete-ar-siera-kremu-500g\/"},"modified":"2026-04-01T13:34:14","modified_gmt":"2026-04-01T10:34:14","slug":"tartalete-ar-siera-kremu-500g","status":"publish","type":"product","link":"https:\/\/ventspils.citro.lv\/ru\/veikals\/tartalete-ar-siera-kremu-500g\/","title":{"rendered":"Tartalete ar siera kr\u0113mu 500g"},"content":{"rendered":"<p>Sast\u0101vda\u013cas: m\u012bkla (KVIE\u0160U milti, margar\u012bns (augu tauki (palmu, kokosa), rap\u0161u e\u013c\u013ca, emulgators: E471, sk\u0101buma regul\u0113t\u0101js: E330, dab\u012bgs aromatiz\u0113t\u0101js, p\u0101rtikas kr\u0101sviela:  E160a), cukurs, OLAS, cepamais pulveris (irdin\u0101t\u0101ji: din\u0101trija difosf\u0101ts E450i, n\u0101trija karbon\u0101ts E500), p\u0101rtikas s\u0101ls), kr\u0113msiers (pasteriz\u0113tas PANNI\u0145AS, KR\u0112JUMS, s\u0101ls, fermenti: lakt\u0101ze, piensk\u0101bes t\u012brkult\u016bra [PIENS]),  putkr\u0113jums uz augu tauku b\u0101zes (\u016bdens, piln\u012bgi hidrogen\u0113ta palmu kodolu e\u013c\u013ca 25%, cukurs 12%, PIENA olbaltumvielas, emulgatori: E472b, E322 [SOJA], E472e; stabiliz\u0113t\u0101ji: E460, E466, E340; aromatiz\u0113t\u0101js, kr\u0101sviela: E160a), cukurs , sauso ziedu mais\u012bjums.  100 g produkta satur:  ener\u0123\u0113tisk\u0101 v\u0113rt\u012bba 1407KJ\/336kcal,  tauki 20,7 g, tostarp pies\u0101tin\u0101t\u0101s tauksk\u0101bes 11,5 g, og\u013chidr\u0101ti 30,5 g, tostarp cukurs 15 g, \u0161\u0137iedrvielas 0,95 g, olbaltumvielas 6,6 g, s\u0101ls 0,5 g. Uzglab\u0101\u0161anas apst\u0101k\u013ci: +2&#8230;+6 C. Ra\u017eot\u0101js: SIA Di\u0101na-Bistro,Andreja iela -5,Ventspils<\/p>\n","protected":false},"excerpt":{"rendered":"<p>11.98 \u20ac\/kg<\/p>\n","protected":false},"featured_media":1200933,"template":"","meta":{"_acf_changed":false,"inline_featured_image":false},"product_cat":[109,220],"product_tag":[],"acf":[],"aioseo_notices":[],"_links":{"self":[{"href":"https:\/\/ventspils.citro.lv\/ru\/wp-json\/wp\/v2\/product\/893856"}],"collection":[{"href":"https:\/\/ventspils.citro.lv\/ru\/wp-json\/wp\/v2\/product"}],"about":[{"href":"https:\/\/ventspils.citro.lv\/ru\/wp-json\/wp\/v2\/types\/product"}],"wp:featuredmedia":[{"embeddable":true,"href":"https:\/\/ventspils.citro.lv\/ru\/wp-json\/wp\/v2\/media\/1200933"}],"wp:attachment":[{"href":"https:\/\/ventspils.citro.lv\/ru\/wp-json\/wp\/v2\/media?parent=893856"}],"wp:term":[{"taxonomy":"product_cat","embeddable":true,"href":"https:\/\/ventspils.citro.lv\/ru\/wp-json\/wp\/v2\/product_cat?post=893856"},{"taxonomy":"product_tag","embeddable":true,"href":"https:\/\/ventspils.citro.lv\/ru\/wp-json\/wp\/v2\/product_tag?post=893856"}],"curies":[{"name":"wp","href":"https:\/\/api.w.org\/{rel}","templated":true}]}}