{"id":892484,"date":"2026-01-29T00:03:51","date_gmt":"2026-01-28T22:03:51","guid":{"rendered":"https:\/\/ventspils.citro.lv\/veikals\/kucina-tartalete-ar-siera-kremu-100g\/"},"modified":"2026-02-18T12:45:29","modified_gmt":"2026-02-18T10:45:29","slug":"kucina-tartalete-ar-siera-kremu-100g","status":"publish","type":"product","link":"https:\/\/ventspils.citro.lv\/ru\/veikals\/kucina-tartalete-ar-siera-kremu-100g\/","title":{"rendered":"K\u016bci\u0146a Tartalete ar siera kremu 100g"},"content":{"rendered":"<p>Sast\u0101vda\u013cas: m\u012bkla (KVIE\u0160U milti, margar\u012bns (augu tauki (palmu, kokosa), rap\u0161u e\u013c\u013ca, emulgators: E471, sk\u0101buma regul\u0113t\u0101js: E330, dab\u012bgs aromatiz\u0113t\u0101js, p\u0101rtikas kr\u0101sviela:  E160a), cukurs, OLAS, cepamais pulveris (irdin\u0101t\u0101ji: din\u0101trija difosf\u0101ts E450i, n\u0101trija karbon\u0101ts E500), p\u0101rtikas s\u0101ls), kr\u0113msiers (pasteriz\u0113tas PANNI\u0145AS, KR\u0112JUMS, s\u0101ls, fermenti: lakt\u0101ze, piensk\u0101bes t\u012brkult\u016bra [PIENS]), mellenes,  putkr\u0113jums uz augu tauku b\u0101zes (\u016bdens, piln\u012bgi hidrogen\u0113ta palmu kodolu e\u013c\u013ca 25%, cukurs 12%, PIENA olbaltumvielas, emulgatori: E472b, E322 [SOJA], E472e; stabiliz\u0113t\u0101ji: E460, E466, E340; aromatiz\u0113t\u0101js, kr\u0101sviela: E160a), cukurs , \u016bdens, dekor\u017eeleja (cukurs, E330, E331, E340, E407, E440, E410, E414, dekstroze, karameliz\u0113ts cukurs, aromatiz\u0113t\u0101js)), aug\u013cu biezin\u0101t\u0101js (modific\u0113ta ciete E1414, cukurs),kalt\u0113tas ziedlapi\u0146as.  100 g produkta satur:  ener\u0123\u0113tisk\u0101 v\u0113rt\u012bba 1286KJ\/307kcal,  tauki 17 g, tostarp pies\u0101tin\u0101t\u0101s tauksk\u0101bes 7,7 g, og\u013chidr\u0101ti 32,7 g, tostarp cukurs 15,5 g, \u0161\u0137iedrvielas 1,4 g, olbaltumvielas 5,6 g, s\u0101ls 0,7 g. Uzglab\u0101\u0161anas apst\u0101k\u013ci: +2&#8230;+6 C. Ra\u017eot\u0101js: SIA Di\u0101na-Bistro,Andreja iela -5,Ventspils.<\/p>\n","protected":false},"excerpt":{"rendered":"<p>11.50 \u20ac\/kg<\/p>\n","protected":false},"featured_media":1200932,"template":"","meta":{"_acf_changed":false,"inline_featured_image":false},"product_cat":[235,109],"product_tag":[],"acf":[],"aioseo_notices":[],"_links":{"self":[{"href":"https:\/\/ventspils.citro.lv\/ru\/wp-json\/wp\/v2\/product\/892484"}],"collection":[{"href":"https:\/\/ventspils.citro.lv\/ru\/wp-json\/wp\/v2\/product"}],"about":[{"href":"https:\/\/ventspils.citro.lv\/ru\/wp-json\/wp\/v2\/types\/product"}],"wp:featuredmedia":[{"embeddable":true,"href":"https:\/\/ventspils.citro.lv\/ru\/wp-json\/wp\/v2\/media\/1200932"}],"wp:attachment":[{"href":"https:\/\/ventspils.citro.lv\/ru\/wp-json\/wp\/v2\/media?parent=892484"}],"wp:term":[{"taxonomy":"product_cat","embeddable":true,"href":"https:\/\/ventspils.citro.lv\/ru\/wp-json\/wp\/v2\/product_cat?post=892484"},{"taxonomy":"product_tag","embeddable":true,"href":"https:\/\/ventspils.citro.lv\/ru\/wp-json\/wp\/v2\/product_tag?post=892484"}],"curies":[{"name":"wp","href":"https:\/\/api.w.org\/{rel}","templated":true}]}}