{"id":8916,"date":"2026-04-24T03:39:35","date_gmt":"2026-04-24T00:39:35","guid":{"rendered":"https:\/\/eveikals.citro.lv\/ventspils\/veikals\/sokolade-schogetten-trilogia-100g\/"},"modified":"2026-04-24T03:39:40","modified_gmt":"2026-04-24T00:39:40","slug":"sokolade-schogetten-trilogia-100g","status":"publish","type":"product","link":"https:\/\/ventspils.citro.lv\/ru\/veikals\/sokolade-schogetten-trilogia-100g\/","title":{"rendered":"\u0160okol\u0101de Schogetten trilogia 100g"},"content":{"rendered":"<p>Cukurs, kakao sviests, LAZDU RIEKSTU PASTA, PILNPIENA pulveris, SALD\u0100 KR\u0112JUMApulvieris, kakao masa, sasmalcin\u0101ti LAZDU RIEKSTI (cukurs, LAZDU RIEKSTI 20%,LAKTOZE, palmu tauki, glikozes s\u012brups), V\u0100JPIENA pulveris, LAKTOZE, saldo S\u016aKALU pulveris, PIENA tauki, emulgatori (SOJAS lecit\u012bns), dab\u012bgs AROMATIZ\u0112TAJS(vanil\u012bns). Piena \u0161okol\u0101de satur \u2013 ne maz\u0101k k\u0101 30% kop\u0113j\u0101s kakao saus\u0101s masas.Riekstu \u0161okol\u0101de un piena \u0161okol\u0101de satur ne maz\u0101k k\u0101 25% kop\u0113j\u0101s kakao saus\u0101s masas.<\/p>\n","protected":false},"excerpt":{"rendered":"<p>18.50 \u20ac\/kg<\/p>\n","protected":false},"featured_media":1251330,"template":"","meta":{"_acf_changed":false,"inline_featured_image":false},"product_cat":[547,125],"product_tag":[],"acf":[],"aioseo_notices":[],"_links":{"self":[{"href":"https:\/\/ventspils.citro.lv\/ru\/wp-json\/wp\/v2\/product\/8916"}],"collection":[{"href":"https:\/\/ventspils.citro.lv\/ru\/wp-json\/wp\/v2\/product"}],"about":[{"href":"https:\/\/ventspils.citro.lv\/ru\/wp-json\/wp\/v2\/types\/product"}],"wp:featuredmedia":[{"embeddable":true,"href":"https:\/\/ventspils.citro.lv\/ru\/wp-json\/wp\/v2\/media\/1251330"}],"wp:attachment":[{"href":"https:\/\/ventspils.citro.lv\/ru\/wp-json\/wp\/v2\/media?parent=8916"}],"wp:term":[{"taxonomy":"product_cat","embeddable":true,"href":"https:\/\/ventspils.citro.lv\/ru\/wp-json\/wp\/v2\/product_cat?post=8916"},{"taxonomy":"product_tag","embeddable":true,"href":"https:\/\/ventspils.citro.lv\/ru\/wp-json\/wp\/v2\/product_tag?post=8916"}],"curies":[{"name":"wp","href":"https:\/\/api.w.org\/{rel}","templated":true}]}}