{"id":8837,"date":"2026-05-12T03:30:14","date_gmt":"2026-05-12T00:30:14","guid":{"rendered":"https:\/\/eveikals.citro.lv\/ventspils\/veikals\/konfektes-migle\/"},"modified":"2026-05-12T03:30:20","modified_gmt":"2026-05-12T00:30:20","slug":"konfektes-migle","status":"publish","type":"product","link":"https:\/\/ventspils.citro.lv\/ru\/veikals\/konfektes-migle\/","title":{"rendered":"Konfektes Migle"},"content":{"rendered":"<p>fas\u0113ts:A\/S Di\u0101na Durbes iela 38\/40 Ventspils  sast\u0101vs:cukurs,kartupe\u013cu \u010dipsi(kartupe\u013ci,palmu e\u013c\u013ca)palmu tauki,piln\u012bgi hidrogin\u0113ti augu tauki,s\u016bkalu pulveris,kakao pulveris ar samazin\u0101tu tauku saturu,dekstroze,laktoze,vafe\u013cu kripati\u0146as,irdin\u0101t\u0101jiE500,E503,p\u0101rtikas s\u0101ls,emulgators(sojas lecit\u012bns,E476,saulespu\u0137u lecit;ins)var satur\u0113t zemesriekstus un citus riekstus ,un olas.<\/p>\n","protected":false},"excerpt":{"rendered":"<p>10.99 \u20ac\/kg<\/p>\n","protected":false},"featured_media":1258576,"template":"","meta":{"_acf_changed":false,"inline_featured_image":false},"product_cat":[533,125],"product_tag":[],"acf":[],"aioseo_notices":[],"_links":{"self":[{"href":"https:\/\/ventspils.citro.lv\/ru\/wp-json\/wp\/v2\/product\/8837"}],"collection":[{"href":"https:\/\/ventspils.citro.lv\/ru\/wp-json\/wp\/v2\/product"}],"about":[{"href":"https:\/\/ventspils.citro.lv\/ru\/wp-json\/wp\/v2\/types\/product"}],"wp:featuredmedia":[{"embeddable":true,"href":"https:\/\/ventspils.citro.lv\/ru\/wp-json\/wp\/v2\/media\/1258576"}],"wp:attachment":[{"href":"https:\/\/ventspils.citro.lv\/ru\/wp-json\/wp\/v2\/media?parent=8837"}],"wp:term":[{"taxonomy":"product_cat","embeddable":true,"href":"https:\/\/ventspils.citro.lv\/ru\/wp-json\/wp\/v2\/product_cat?post=8837"},{"taxonomy":"product_tag","embeddable":true,"href":"https:\/\/ventspils.citro.lv\/ru\/wp-json\/wp\/v2\/product_tag?post=8837"}],"curies":[{"name":"wp","href":"https:\/\/api.w.org\/{rel}","templated":true}]}}