{"id":881434,"date":"2026-04-08T05:51:03","date_gmt":"2026-04-08T02:51:03","guid":{"rendered":"https:\/\/ventspils.citro.lv\/veikals\/konservi-tuncis-svitrains-smalcinats-ella-185g-130g\/"},"modified":"2026-04-08T05:51:07","modified_gmt":"2026-04-08T02:51:07","slug":"konservi-tuncis-svitrains-smalcinats-ella-185g-130g","status":"publish","type":"product","link":"https:\/\/ventspils.citro.lv\/ru\/veikals\/konservi-tuncis-svitrains-smalcinats-ella-185g-130g\/","title":{"rendered":"Konservi tuncis sv\u012btrains smalcin\u0101ts e\u013c\u013ca 185g\/130g"},"content":{"rendered":"","protected":false},"excerpt":{"rendered":"<p>8.59 \u20ac\/kg<\/p>\n","protected":false},"featured_media":1241256,"template":"","meta":{"_acf_changed":false,"inline_featured_image":false},"product_cat":[540,135],"product_tag":[],"acf":[],"aioseo_notices":[],"_links":{"self":[{"href":"https:\/\/ventspils.citro.lv\/ru\/wp-json\/wp\/v2\/product\/881434"}],"collection":[{"href":"https:\/\/ventspils.citro.lv\/ru\/wp-json\/wp\/v2\/product"}],"about":[{"href":"https:\/\/ventspils.citro.lv\/ru\/wp-json\/wp\/v2\/types\/product"}],"wp:featuredmedia":[{"embeddable":true,"href":"https:\/\/ventspils.citro.lv\/ru\/wp-json\/wp\/v2\/media\/1241256"}],"wp:attachment":[{"href":"https:\/\/ventspils.citro.lv\/ru\/wp-json\/wp\/v2\/media?parent=881434"}],"wp:term":[{"taxonomy":"product_cat","embeddable":true,"href":"https:\/\/ventspils.citro.lv\/ru\/wp-json\/wp\/v2\/product_cat?post=881434"},{"taxonomy":"product_tag","embeddable":true,"href":"https:\/\/ventspils.citro.lv\/ru\/wp-json\/wp\/v2\/product_tag?post=881434"}],"curies":[{"name":"wp","href":"https:\/\/api.w.org\/{rel}","templated":true}]}}