{"id":881419,"date":"2026-04-24T10:21:24","date_gmt":"2026-04-24T07:21:24","guid":{"rendered":"https:\/\/ventspils.citro.lv\/veikals\/konfekte-koslajama-chupa-chups-incredible-chew-strawbery-45g\/"},"modified":"2026-04-24T10:21:28","modified_gmt":"2026-04-24T07:21:28","slug":"konfekte-koslajama-chupa-chups-incredible-chew-strawbery-45g","status":"publish","type":"product","link":"https:\/\/ventspils.citro.lv\/ru\/veikals\/konfekte-koslajama-chupa-chups-incredible-chew-strawbery-45g\/","title":{"rendered":"Konfekte ko\u0161\u013c\u0101jama Chupa Chups Incredible Chew strawbery 45g"},"content":{"rendered":"","protected":false},"excerpt":{"rendered":"<p>42.00 \u20ac\/kg<\/p>\n","protected":false},"featured_media":1253056,"template":"","meta":{"_acf_changed":false,"inline_featured_image":false},"product_cat":[533,125],"product_tag":[],"acf":[],"aioseo_notices":[],"_links":{"self":[{"href":"https:\/\/ventspils.citro.lv\/ru\/wp-json\/wp\/v2\/product\/881419"}],"collection":[{"href":"https:\/\/ventspils.citro.lv\/ru\/wp-json\/wp\/v2\/product"}],"about":[{"href":"https:\/\/ventspils.citro.lv\/ru\/wp-json\/wp\/v2\/types\/product"}],"wp:featuredmedia":[{"embeddable":true,"href":"https:\/\/ventspils.citro.lv\/ru\/wp-json\/wp\/v2\/media\/1253056"}],"wp:attachment":[{"href":"https:\/\/ventspils.citro.lv\/ru\/wp-json\/wp\/v2\/media?parent=881419"}],"wp:term":[{"taxonomy":"product_cat","embeddable":true,"href":"https:\/\/ventspils.citro.lv\/ru\/wp-json\/wp\/v2\/product_cat?post=881419"},{"taxonomy":"product_tag","embeddable":true,"href":"https:\/\/ventspils.citro.lv\/ru\/wp-json\/wp\/v2\/product_tag?post=881419"}],"curies":[{"name":"wp","href":"https:\/\/api.w.org\/{rel}","templated":true}]}}