{"id":872862,"date":"2026-04-23T10:27:14","date_gmt":"2026-04-23T07:27:14","guid":{"rendered":"https:\/\/ventspils.citro.lv\/veikals\/koslajama-gumija-orbit-bottle-watermelon-46gab\/"},"modified":"2026-04-23T10:27:24","modified_gmt":"2026-04-23T07:27:24","slug":"koslajama-gumija-orbit-bottle-watermelon-46gab","status":"publish","type":"product","link":"https:\/\/ventspils.citro.lv\/ru\/veikals\/koslajama-gumija-orbit-bottle-watermelon-46gab\/","title":{"rendered":"Ko\u0161\u013c\u0101jam\u0101 gumija Orbit Bottle Watermelon 46gab"},"content":{"rendered":"","protected":false},"excerpt":{"rendered":"<p>38.91 \u20ac\/kg<\/p>\n","protected":false},"featured_media":1250854,"template":"","meta":{"_acf_changed":false,"inline_featured_image":false},"product_cat":[365,125],"product_tag":[],"acf":[],"aioseo_notices":[],"_links":{"self":[{"href":"https:\/\/ventspils.citro.lv\/ru\/wp-json\/wp\/v2\/product\/872862"}],"collection":[{"href":"https:\/\/ventspils.citro.lv\/ru\/wp-json\/wp\/v2\/product"}],"about":[{"href":"https:\/\/ventspils.citro.lv\/ru\/wp-json\/wp\/v2\/types\/product"}],"wp:featuredmedia":[{"embeddable":true,"href":"https:\/\/ventspils.citro.lv\/ru\/wp-json\/wp\/v2\/media\/1250854"}],"wp:attachment":[{"href":"https:\/\/ventspils.citro.lv\/ru\/wp-json\/wp\/v2\/media?parent=872862"}],"wp:term":[{"taxonomy":"product_cat","embeddable":true,"href":"https:\/\/ventspils.citro.lv\/ru\/wp-json\/wp\/v2\/product_cat?post=872862"},{"taxonomy":"product_tag","embeddable":true,"href":"https:\/\/ventspils.citro.lv\/ru\/wp-json\/wp\/v2\/product_tag?post=872862"}],"curies":[{"name":"wp","href":"https:\/\/api.w.org\/{rel}","templated":true}]}}