{"id":872861,"date":"2026-03-12T06:40:00","date_gmt":"2026-03-12T04:40:00","guid":{"rendered":"https:\/\/ventspils.citro.lv\/veikals\/koslajama-gumija-orbit-bottle-sweetmint-46gab\/"},"modified":"2026-03-12T06:40:10","modified_gmt":"2026-03-12T04:40:10","slug":"koslajama-gumija-orbit-bottle-sweetmint-46gab","status":"publish","type":"product","link":"https:\/\/ventspils.citro.lv\/ru\/veikals\/koslajama-gumija-orbit-bottle-sweetmint-46gab\/","title":{"rendered":"Ko\u0161\u013c\u0101jam\u0101 gumija Orbit Bottle Sweetmint 46gab."},"content":{"rendered":"","protected":false},"excerpt":{"rendered":"<p>62.34 \u20ac\/kg<\/p>\n","protected":false},"featured_media":1224450,"template":"","meta":{"_acf_changed":false,"inline_featured_image":false},"product_cat":[365,125],"product_tag":[],"acf":[],"aioseo_notices":[],"_links":{"self":[{"href":"https:\/\/ventspils.citro.lv\/ru\/wp-json\/wp\/v2\/product\/872861"}],"collection":[{"href":"https:\/\/ventspils.citro.lv\/ru\/wp-json\/wp\/v2\/product"}],"about":[{"href":"https:\/\/ventspils.citro.lv\/ru\/wp-json\/wp\/v2\/types\/product"}],"wp:featuredmedia":[{"embeddable":true,"href":"https:\/\/ventspils.citro.lv\/ru\/wp-json\/wp\/v2\/media\/1224450"}],"wp:attachment":[{"href":"https:\/\/ventspils.citro.lv\/ru\/wp-json\/wp\/v2\/media?parent=872861"}],"wp:term":[{"taxonomy":"product_cat","embeddable":true,"href":"https:\/\/ventspils.citro.lv\/ru\/wp-json\/wp\/v2\/product_cat?post=872861"},{"taxonomy":"product_tag","embeddable":true,"href":"https:\/\/ventspils.citro.lv\/ru\/wp-json\/wp\/v2\/product_tag?post=872861"}],"curies":[{"name":"wp","href":"https:\/\/api.w.org\/{rel}","templated":true}]}}