{"id":872645,"date":"2026-03-19T02:15:14","date_gmt":"2026-03-19T00:15:14","guid":{"rendered":"https:\/\/ventspils.citro.lv\/veikals\/krekeri-grona-dukats-sver\/"},"modified":"2026-03-19T02:15:19","modified_gmt":"2026-03-19T00:15:19","slug":"krekeri-grona-dukats-sver","status":"publish","type":"product","link":"https:\/\/ventspils.citro.lv\/ru\/veikals\/krekeri-grona-dukats-sver\/","title":{"rendered":"Krekeri Grona Duk\u0101ts sver."},"content":{"rendered":"<p>Kvie\u0161u milti,konditorejas tauki (da\u013c\u0113ji hidrogen\u0113ta,rafin\u0113ta,dezodor\u0113ta saulespu\u0137u e\u013c\u013ca, rafin\u0113ta, dezodor\u0113ta palmu e\u013c\u013ca,emulg\u0101tors tauksk\u0101bju mono un diglicer\u012bdi, p\u016bdercukurs,rafin\u0113ta kokosriekstu e\u013c\u013ca, p\u0101rtikas s\u0101ls, kukur\u016bzas ciete, inverta s\u012brups, (cukurs,sk\u0101buma regul\u0113t\u0101js,citronsk\u0101be)mie\u017eu iesala ekstrakts,raugs.Var satur\u0113t piena, sojas produktu un s\u0113zama s\u0113klu da\u013ci\u0146as.<\/p>\n","protected":false},"excerpt":{"rendered":"<p>3.35 \u20ac\/kg<\/p>\n","protected":false},"featured_media":1229096,"template":"","meta":{"_acf_changed":false,"inline_featured_image":false},"product_cat":[125,139],"product_tag":[],"acf":[],"aioseo_notices":[],"_links":{"self":[{"href":"https:\/\/ventspils.citro.lv\/ru\/wp-json\/wp\/v2\/product\/872645"}],"collection":[{"href":"https:\/\/ventspils.citro.lv\/ru\/wp-json\/wp\/v2\/product"}],"about":[{"href":"https:\/\/ventspils.citro.lv\/ru\/wp-json\/wp\/v2\/types\/product"}],"wp:featuredmedia":[{"embeddable":true,"href":"https:\/\/ventspils.citro.lv\/ru\/wp-json\/wp\/v2\/media\/1229096"}],"wp:attachment":[{"href":"https:\/\/ventspils.citro.lv\/ru\/wp-json\/wp\/v2\/media?parent=872645"}],"wp:term":[{"taxonomy":"product_cat","embeddable":true,"href":"https:\/\/ventspils.citro.lv\/ru\/wp-json\/wp\/v2\/product_cat?post=872645"},{"taxonomy":"product_tag","embeddable":true,"href":"https:\/\/ventspils.citro.lv\/ru\/wp-json\/wp\/v2\/product_tag?post=872645"}],"curies":[{"name":"wp","href":"https:\/\/api.w.org\/{rel}","templated":true}]}}