{"id":872632,"date":"2026-04-28T03:15:37","date_gmt":"2026-04-28T00:15:37","guid":{"rendered":"https:\/\/ventspils.citro.lv\/veikals\/galetes-bruno-risu-ar-melnajiem-risiem-bez-sals-120g\/"},"modified":"2026-05-01T15:30:22","modified_gmt":"2026-05-01T12:30:22","slug":"galetes-bruno-risu-ar-melnajiem-risiem-bez-sals-120g","status":"publish","type":"product","link":"https:\/\/ventspils.citro.lv\/ru\/veikals\/galetes-bruno-risu-ar-melnajiem-risiem-bez-sals-120g\/","title":{"rendered":"Galetes br\u016bno r\u012bsu ar melnajiem r\u012bsiem bez s\u0101ls 120g"},"content":{"rendered":"","protected":false},"excerpt":{"rendered":"<p>12.33 \u20ac\/kg<\/p>\n","protected":false},"featured_media":1254278,"template":"","meta":{"_acf_changed":false,"inline_featured_image":false},"product_cat":[535,215],"product_tag":[],"acf":[],"aioseo_notices":[],"_links":{"self":[{"href":"https:\/\/ventspils.citro.lv\/ru\/wp-json\/wp\/v2\/product\/872632"}],"collection":[{"href":"https:\/\/ventspils.citro.lv\/ru\/wp-json\/wp\/v2\/product"}],"about":[{"href":"https:\/\/ventspils.citro.lv\/ru\/wp-json\/wp\/v2\/types\/product"}],"wp:featuredmedia":[{"embeddable":true,"href":"https:\/\/ventspils.citro.lv\/ru\/wp-json\/wp\/v2\/media\/1254278"}],"wp:attachment":[{"href":"https:\/\/ventspils.citro.lv\/ru\/wp-json\/wp\/v2\/media?parent=872632"}],"wp:term":[{"taxonomy":"product_cat","embeddable":true,"href":"https:\/\/ventspils.citro.lv\/ru\/wp-json\/wp\/v2\/product_cat?post=872632"},{"taxonomy":"product_tag","embeddable":true,"href":"https:\/\/ventspils.citro.lv\/ru\/wp-json\/wp\/v2\/product_tag?post=872632"}],"curies":[{"name":"wp","href":"https:\/\/api.w.org\/{rel}","templated":true}]}}