{"id":872585,"date":"2026-04-01T01:42:46","date_gmt":"2026-03-31T22:42:46","guid":{"rendered":"https:\/\/ventspils.citro.lv\/veikals\/sausas-brokastis-fluti-ar-piena-sokoladi-250g\/"},"modified":"2026-04-03T18:11:14","modified_gmt":"2026-04-03T15:11:14","slug":"sausas-brokastis-fluti-ar-piena-sokoladi-250g","status":"publish","type":"product","link":"https:\/\/ventspils.citro.lv\/ru\/veikals\/sausas-brokastis-fluti-ar-piena-sokoladi-250g\/","title":{"rendered":"Saus\u0101s brokastis Fluti ar piena \u0161okol\u0101di 250g"},"content":{"rendered":"","protected":false},"excerpt":{"rendered":"<p>4.76 \u20ac\/kg<\/p>\n","protected":false},"featured_media":1238611,"template":"","meta":{"_acf_changed":false,"inline_featured_image":false},"product_cat":[604,125],"product_tag":[],"acf":[],"aioseo_notices":[],"_links":{"self":[{"href":"https:\/\/ventspils.citro.lv\/ru\/wp-json\/wp\/v2\/product\/872585"}],"collection":[{"href":"https:\/\/ventspils.citro.lv\/ru\/wp-json\/wp\/v2\/product"}],"about":[{"href":"https:\/\/ventspils.citro.lv\/ru\/wp-json\/wp\/v2\/types\/product"}],"wp:featuredmedia":[{"embeddable":true,"href":"https:\/\/ventspils.citro.lv\/ru\/wp-json\/wp\/v2\/media\/1238611"}],"wp:attachment":[{"href":"https:\/\/ventspils.citro.lv\/ru\/wp-json\/wp\/v2\/media?parent=872585"}],"wp:term":[{"taxonomy":"product_cat","embeddable":true,"href":"https:\/\/ventspils.citro.lv\/ru\/wp-json\/wp\/v2\/product_cat?post=872585"},{"taxonomy":"product_tag","embeddable":true,"href":"https:\/\/ventspils.citro.lv\/ru\/wp-json\/wp\/v2\/product_tag?post=872585"}],"curies":[{"name":"wp","href":"https:\/\/api.w.org\/{rel}","templated":true}]}}