{"id":864879,"date":"2026-02-01T01:18:03","date_gmt":"2026-01-31T23:18:03","guid":{"rendered":"https:\/\/ventspils.citro.lv\/veikals\/smalkmaizites-hatting-danu-ar-kaneli-4x87g-348g\/"},"modified":"2026-03-06T10:32:48","modified_gmt":"2026-03-06T08:32:48","slug":"smalkmaizites-hatting-danu-ar-kaneli-4x85g-340g","status":"publish","type":"product","link":"https:\/\/ventspils.citro.lv\/ru\/veikals\/smalkmaizites-hatting-danu-ar-kaneli-4x85g-340g\/","title":{"rendered":"Smalkmaiz\u012btes Hatting D\u0101\u0146u ar kan\u0113li 4x85g 340g"},"content":{"rendered":"","protected":false},"excerpt":{"rendered":"<p>8.59 \u20ac\/kg<\/p>\n","protected":false},"featured_media":1204234,"template":"","meta":{"_acf_changed":false,"inline_featured_image":false},"product_cat":[566,231],"product_tag":[],"acf":[],"aioseo_notices":[],"_links":{"self":[{"href":"https:\/\/ventspils.citro.lv\/ru\/wp-json\/wp\/v2\/product\/864879"}],"collection":[{"href":"https:\/\/ventspils.citro.lv\/ru\/wp-json\/wp\/v2\/product"}],"about":[{"href":"https:\/\/ventspils.citro.lv\/ru\/wp-json\/wp\/v2\/types\/product"}],"wp:featuredmedia":[{"embeddable":true,"href":"https:\/\/ventspils.citro.lv\/ru\/wp-json\/wp\/v2\/media\/1204234"}],"wp:attachment":[{"href":"https:\/\/ventspils.citro.lv\/ru\/wp-json\/wp\/v2\/media?parent=864879"}],"wp:term":[{"taxonomy":"product_cat","embeddable":true,"href":"https:\/\/ventspils.citro.lv\/ru\/wp-json\/wp\/v2\/product_cat?post=864879"},{"taxonomy":"product_tag","embeddable":true,"href":"https:\/\/ventspils.citro.lv\/ru\/wp-json\/wp\/v2\/product_tag?post=864879"}],"curies":[{"name":"wp","href":"https:\/\/api.w.org\/{rel}","templated":true}]}}