{"id":86196,"date":"2026-03-27T08:42:14","date_gmt":"2026-03-27T06:42:14","guid":{"rendered":"https:\/\/ventspils.citro.lv\/veikals\/marcipana-batonins-tumsaja-sokolade-40g\/"},"modified":"2026-03-27T08:42:24","modified_gmt":"2026-03-27T06:42:24","slug":"marcipana-batonins-tumsaja-sokolade-40g","status":"publish","type":"product","link":"https:\/\/ventspils.citro.lv\/ru\/veikals\/marcipana-batonins-tumsaja-sokolade-40g\/","title":{"rendered":"Marcip\u0101na batoni\u0146\u0161 tum\u0161aj\u0101 \u0161okol\u0101d\u0113 40g"},"content":{"rendered":"","protected":false},"excerpt":{"rendered":"<p>22.25 \u20ac\/kg<\/p>\n","protected":false},"featured_media":1236139,"template":"","meta":{"_acf_changed":false,"inline_featured_image":false},"product_cat":[556,125],"product_tag":[],"acf":[],"aioseo_notices":[],"_links":{"self":[{"href":"https:\/\/ventspils.citro.lv\/ru\/wp-json\/wp\/v2\/product\/86196"}],"collection":[{"href":"https:\/\/ventspils.citro.lv\/ru\/wp-json\/wp\/v2\/product"}],"about":[{"href":"https:\/\/ventspils.citro.lv\/ru\/wp-json\/wp\/v2\/types\/product"}],"wp:featuredmedia":[{"embeddable":true,"href":"https:\/\/ventspils.citro.lv\/ru\/wp-json\/wp\/v2\/media\/1236139"}],"wp:attachment":[{"href":"https:\/\/ventspils.citro.lv\/ru\/wp-json\/wp\/v2\/media?parent=86196"}],"wp:term":[{"taxonomy":"product_cat","embeddable":true,"href":"https:\/\/ventspils.citro.lv\/ru\/wp-json\/wp\/v2\/product_cat?post=86196"},{"taxonomy":"product_tag","embeddable":true,"href":"https:\/\/ventspils.citro.lv\/ru\/wp-json\/wp\/v2\/product_tag?post=86196"}],"curies":[{"name":"wp","href":"https:\/\/api.w.org\/{rel}","templated":true}]}}