{"id":86179,"date":"2026-04-10T07:09:46","date_gmt":"2026-04-10T04:09:46","guid":{"rendered":"https:\/\/ventspils.citro.lv\/veikals\/zupa-rasolniks-doy-paka-530g\/"},"modified":"2026-04-10T07:09:52","modified_gmt":"2026-04-10T04:09:52","slug":"zupa-rasolniks-doy-paka-530g","status":"publish","type":"product","link":"https:\/\/ventspils.citro.lv\/ru\/veikals\/zupa-rasolniks-doy-paka-530g\/","title":{"rendered":"Zupa Raso\u013c\u0146iks doy pak\u0101 530g"},"content":{"rendered":"","protected":false},"excerpt":{"rendered":"<p>3.75 \u20ac\/kg<\/p>\n","protected":false},"featured_media":1243580,"template":"","meta":{"_acf_changed":false,"inline_featured_image":false},"product_cat":[103,137],"product_tag":[],"acf":[],"aioseo_notices":[],"_links":{"self":[{"href":"https:\/\/ventspils.citro.lv\/ru\/wp-json\/wp\/v2\/product\/86179"}],"collection":[{"href":"https:\/\/ventspils.citro.lv\/ru\/wp-json\/wp\/v2\/product"}],"about":[{"href":"https:\/\/ventspils.citro.lv\/ru\/wp-json\/wp\/v2\/types\/product"}],"wp:featuredmedia":[{"embeddable":true,"href":"https:\/\/ventspils.citro.lv\/ru\/wp-json\/wp\/v2\/media\/1243580"}],"wp:attachment":[{"href":"https:\/\/ventspils.citro.lv\/ru\/wp-json\/wp\/v2\/media?parent=86179"}],"wp:term":[{"taxonomy":"product_cat","embeddable":true,"href":"https:\/\/ventspils.citro.lv\/ru\/wp-json\/wp\/v2\/product_cat?post=86179"},{"taxonomy":"product_tag","embeddable":true,"href":"https:\/\/ventspils.citro.lv\/ru\/wp-json\/wp\/v2\/product_tag?post=86179"}],"curies":[{"name":"wp","href":"https:\/\/api.w.org\/{rel}","templated":true}]}}