{"id":86177,"date":"2026-04-10T07:09:18","date_gmt":"2026-04-10T04:09:18","guid":{"rendered":"https:\/\/ventspils.citro.lv\/veikals\/kafija-skistosa-indian-gold-180g\/"},"modified":"2026-04-10T07:09:24","modified_gmt":"2026-04-10T04:09:24","slug":"kafija-skistosa-indian-gold-180g","status":"publish","type":"product","link":"https:\/\/ventspils.citro.lv\/ru\/veikals\/kafija-skistosa-indian-gold-180g\/","title":{"rendered":"Kafija \u0161\u0137\u012bsto\u0161\u0101 Indian Gold 180g"},"content":{"rendered":"","protected":false},"excerpt":{"rendered":"<p>33.28 \u20ac\/kg<\/p>\n","protected":false},"featured_media":1243576,"template":"","meta":{"_acf_changed":false,"inline_featured_image":false},"product_cat":[538,142],"product_tag":[],"acf":[],"aioseo_notices":[],"_links":{"self":[{"href":"https:\/\/ventspils.citro.lv\/ru\/wp-json\/wp\/v2\/product\/86177"}],"collection":[{"href":"https:\/\/ventspils.citro.lv\/ru\/wp-json\/wp\/v2\/product"}],"about":[{"href":"https:\/\/ventspils.citro.lv\/ru\/wp-json\/wp\/v2\/types\/product"}],"wp:featuredmedia":[{"embeddable":true,"href":"https:\/\/ventspils.citro.lv\/ru\/wp-json\/wp\/v2\/media\/1243576"}],"wp:attachment":[{"href":"https:\/\/ventspils.citro.lv\/ru\/wp-json\/wp\/v2\/media?parent=86177"}],"wp:term":[{"taxonomy":"product_cat","embeddable":true,"href":"https:\/\/ventspils.citro.lv\/ru\/wp-json\/wp\/v2\/product_cat?post=86177"},{"taxonomy":"product_tag","embeddable":true,"href":"https:\/\/ventspils.citro.lv\/ru\/wp-json\/wp\/v2\/product_tag?post=86177"}],"curies":[{"name":"wp","href":"https:\/\/api.w.org\/{rel}","templated":true}]}}