{"id":86170,"date":"2026-03-04T02:51:52","date_gmt":"2026-03-04T00:51:52","guid":{"rendered":"https:\/\/ventspils.citro.lv\/veikals\/skabenes-rivetas-konservetas-kok-470g\/"},"modified":"2026-04-21T12:34:21","modified_gmt":"2026-04-21T09:34:21","slug":"skabenes-rivetas-konservetas-kok-470g","status":"publish","type":"product","link":"https:\/\/ventspils.citro.lv\/ru\/veikals\/skabenes-rivetas-konservetas-kok-470g\/","title":{"rendered":"Sk\u0101benes r\u012bv\u0113tas konserv\u0113tas Kok 470g"},"content":{"rendered":"","protected":false},"excerpt":{"rendered":"<p>3.72 \u20ac\/kg<\/p>\n","protected":false},"featured_media":1221233,"template":"","meta":{"_acf_changed":false,"inline_featured_image":false},"product_cat":[103,137],"product_tag":[],"acf":[],"aioseo_notices":[],"_links":{"self":[{"href":"https:\/\/ventspils.citro.lv\/ru\/wp-json\/wp\/v2\/product\/86170"}],"collection":[{"href":"https:\/\/ventspils.citro.lv\/ru\/wp-json\/wp\/v2\/product"}],"about":[{"href":"https:\/\/ventspils.citro.lv\/ru\/wp-json\/wp\/v2\/types\/product"}],"wp:featuredmedia":[{"embeddable":true,"href":"https:\/\/ventspils.citro.lv\/ru\/wp-json\/wp\/v2\/media\/1221233"}],"wp:attachment":[{"href":"https:\/\/ventspils.citro.lv\/ru\/wp-json\/wp\/v2\/media?parent=86170"}],"wp:term":[{"taxonomy":"product_cat","embeddable":true,"href":"https:\/\/ventspils.citro.lv\/ru\/wp-json\/wp\/v2\/product_cat?post=86170"},{"taxonomy":"product_tag","embeddable":true,"href":"https:\/\/ventspils.citro.lv\/ru\/wp-json\/wp\/v2\/product_tag?post=86170"}],"curies":[{"name":"wp","href":"https:\/\/api.w.org\/{rel}","templated":true}]}}