{"id":86055,"date":"2026-04-08T03:39:26","date_gmt":"2026-04-08T00:39:26","guid":{"rendered":"https:\/\/ventspils.citro.lv\/veikals\/sokolades-batonins-milka-oreo-37g\/"},"modified":"2026-04-08T03:39:31","modified_gmt":"2026-04-08T00:39:31","slug":"sokolades-batonins-milka-oreo-37g","status":"publish","type":"product","link":"https:\/\/ventspils.citro.lv\/ru\/veikals\/sokolades-batonins-milka-oreo-37g\/","title":{"rendered":"\u0160okol\u0101des batoni\u0146\u0161 Milka Oreo 37g"},"content":{"rendered":"","protected":false},"excerpt":{"rendered":"<p>26.76 \u20ac\/kg<\/p>\n","protected":false},"featured_media":1240649,"template":"","meta":{"_acf_changed":false,"inline_featured_image":false},"product_cat":[556,125],"product_tag":[],"acf":[],"aioseo_notices":[],"_links":{"self":[{"href":"https:\/\/ventspils.citro.lv\/ru\/wp-json\/wp\/v2\/product\/86055"}],"collection":[{"href":"https:\/\/ventspils.citro.lv\/ru\/wp-json\/wp\/v2\/product"}],"about":[{"href":"https:\/\/ventspils.citro.lv\/ru\/wp-json\/wp\/v2\/types\/product"}],"wp:featuredmedia":[{"embeddable":true,"href":"https:\/\/ventspils.citro.lv\/ru\/wp-json\/wp\/v2\/media\/1240649"}],"wp:attachment":[{"href":"https:\/\/ventspils.citro.lv\/ru\/wp-json\/wp\/v2\/media?parent=86055"}],"wp:term":[{"taxonomy":"product_cat","embeddable":true,"href":"https:\/\/ventspils.citro.lv\/ru\/wp-json\/wp\/v2\/product_cat?post=86055"},{"taxonomy":"product_tag","embeddable":true,"href":"https:\/\/ventspils.citro.lv\/ru\/wp-json\/wp\/v2\/product_tag?post=86055"}],"curies":[{"name":"wp","href":"https:\/\/api.w.org\/{rel}","templated":true}]}}