{"id":85987,"date":"2026-04-24T04:39:34","date_gmt":"2026-04-24T01:39:34","guid":{"rendered":"https:\/\/ventspils.citro.lv\/veikals\/kukuruzas-valites-mikado-370g\/"},"modified":"2026-04-24T04:39:40","modified_gmt":"2026-04-24T01:39:40","slug":"kukuruzas-valites-mikado-330ml-190g","status":"publish","type":"product","link":"https:\/\/ventspils.citro.lv\/ru\/veikals\/kukuruzas-valites-mikado-330ml-190g\/","title":{"rendered":"Kukur\u016bzas v\u0101l\u012btes Mikado 330ml\/190g"},"content":{"rendered":"","protected":false},"excerpt":{"rendered":"<p>5.73 \u20ac\/kg<\/p>\n","protected":false},"featured_media":1251573,"template":"","meta":{"_acf_changed":false,"inline_featured_image":false},"product_cat":[103,137],"product_tag":[],"acf":[],"aioseo_notices":[],"_links":{"self":[{"href":"https:\/\/ventspils.citro.lv\/ru\/wp-json\/wp\/v2\/product\/85987"}],"collection":[{"href":"https:\/\/ventspils.citro.lv\/ru\/wp-json\/wp\/v2\/product"}],"about":[{"href":"https:\/\/ventspils.citro.lv\/ru\/wp-json\/wp\/v2\/types\/product"}],"wp:featuredmedia":[{"embeddable":true,"href":"https:\/\/ventspils.citro.lv\/ru\/wp-json\/wp\/v2\/media\/1251573"}],"wp:attachment":[{"href":"https:\/\/ventspils.citro.lv\/ru\/wp-json\/wp\/v2\/media?parent=85987"}],"wp:term":[{"taxonomy":"product_cat","embeddable":true,"href":"https:\/\/ventspils.citro.lv\/ru\/wp-json\/wp\/v2\/product_cat?post=85987"},{"taxonomy":"product_tag","embeddable":true,"href":"https:\/\/ventspils.citro.lv\/ru\/wp-json\/wp\/v2\/product_tag?post=85987"}],"curies":[{"name":"wp","href":"https:\/\/api.w.org\/{rel}","templated":true}]}}