{"id":85953,"date":"2026-04-17T00:57:56","date_gmt":"2026-04-16T21:57:56","guid":{"rendered":"https:\/\/ventspils.citro.lv\/veikals\/sokolades-batonins-miks-42g\/"},"modified":"2026-04-17T00:58:01","modified_gmt":"2026-04-16T21:58:01","slug":"sokolades-batonins-miks-42g","status":"publish","type":"product","link":"https:\/\/ventspils.citro.lv\/ru\/veikals\/sokolades-batonins-miks-42g\/","title":{"rendered":"\u0160okol\u0101des batoni\u0146\u0161 Miks 42g"},"content":{"rendered":"","protected":false},"excerpt":{"rendered":"<p>33.10 \u20ac\/kg<\/p>\n","protected":false},"featured_media":1246654,"template":"","meta":{"_acf_changed":false,"inline_featured_image":false},"product_cat":[556,125],"product_tag":[],"acf":[],"aioseo_notices":[],"_links":{"self":[{"href":"https:\/\/ventspils.citro.lv\/ru\/wp-json\/wp\/v2\/product\/85953"}],"collection":[{"href":"https:\/\/ventspils.citro.lv\/ru\/wp-json\/wp\/v2\/product"}],"about":[{"href":"https:\/\/ventspils.citro.lv\/ru\/wp-json\/wp\/v2\/types\/product"}],"wp:featuredmedia":[{"embeddable":true,"href":"https:\/\/ventspils.citro.lv\/ru\/wp-json\/wp\/v2\/media\/1246654"}],"wp:attachment":[{"href":"https:\/\/ventspils.citro.lv\/ru\/wp-json\/wp\/v2\/media?parent=85953"}],"wp:term":[{"taxonomy":"product_cat","embeddable":true,"href":"https:\/\/ventspils.citro.lv\/ru\/wp-json\/wp\/v2\/product_cat?post=85953"},{"taxonomy":"product_tag","embeddable":true,"href":"https:\/\/ventspils.citro.lv\/ru\/wp-json\/wp\/v2\/product_tag?post=85953"}],"curies":[{"name":"wp","href":"https:\/\/api.w.org\/{rel}","templated":true}]}}