{"id":85947,"date":"2024-06-19T03:39:31","date_gmt":"2024-06-19T00:39:31","guid":{"rendered":"https:\/\/ventspils.citro.lv\/veikals\/krems-sokolades-nussa-duo-400g\/"},"modified":"2026-01-31T13:29:16","modified_gmt":"2026-01-31T11:29:16","slug":"krems-sokolades-nussa-duo-400g","status":"publish","type":"product","link":"https:\/\/ventspils.citro.lv\/ru\/veikals\/krems-sokolades-nussa-duo-400g\/","title":{"rendered":"Kr\u0113ms \u0161okol\u0101des Nussa Duo 400g"},"content":{"rendered":"","protected":false},"excerpt":{"rendered":"<p>8.98 \u20ac\/kg<\/p>\n","protected":false},"featured_media":841009,"template":"","meta":{"_acf_changed":false,"inline_featured_image":false},"product_cat":[125,134],"product_tag":[],"acf":[],"aioseo_notices":[],"_links":{"self":[{"href":"https:\/\/ventspils.citro.lv\/ru\/wp-json\/wp\/v2\/product\/85947"}],"collection":[{"href":"https:\/\/ventspils.citro.lv\/ru\/wp-json\/wp\/v2\/product"}],"about":[{"href":"https:\/\/ventspils.citro.lv\/ru\/wp-json\/wp\/v2\/types\/product"}],"wp:featuredmedia":[{"embeddable":true,"href":"https:\/\/ventspils.citro.lv\/ru\/wp-json\/wp\/v2\/media\/841009"}],"wp:attachment":[{"href":"https:\/\/ventspils.citro.lv\/ru\/wp-json\/wp\/v2\/media?parent=85947"}],"wp:term":[{"taxonomy":"product_cat","embeddable":true,"href":"https:\/\/ventspils.citro.lv\/ru\/wp-json\/wp\/v2\/product_cat?post=85947"},{"taxonomy":"product_tag","embeddable":true,"href":"https:\/\/ventspils.citro.lv\/ru\/wp-json\/wp\/v2\/product_tag?post=85947"}],"curies":[{"name":"wp","href":"https:\/\/api.w.org\/{rel}","templated":true}]}}