{"id":855616,"date":"2026-05-08T03:57:02","date_gmt":"2026-05-08T00:57:02","guid":{"rendered":"https:\/\/ventspils.citro.lv\/veikals\/jogurts-fruetto-zemenu-kirsu-4-7-125g\/"},"modified":"2026-05-08T03:57:07","modified_gmt":"2026-05-08T00:57:07","slug":"jogurts-fruetto-zemenu-kirsu-4-7-125g","status":"publish","type":"product","link":"https:\/\/ventspils.citro.lv\/ru\/veikals\/jogurts-fruetto-zemenu-kirsu-4-7-125g\/","title":{"rendered":"Jogurts Fruetto zeme\u0146u \u0137ir\u0161u 4.7% 125g"},"content":{"rendered":"","protected":false},"excerpt":{"rendered":"<p>4.40 \u20ac\/kg<\/p>\n","protected":false},"featured_media":1257865,"template":"","meta":{"_acf_changed":false,"inline_featured_image":false},"product_cat":[95,100],"product_tag":[],"acf":[],"aioseo_notices":[],"_links":{"self":[{"href":"https:\/\/ventspils.citro.lv\/ru\/wp-json\/wp\/v2\/product\/855616"}],"collection":[{"href":"https:\/\/ventspils.citro.lv\/ru\/wp-json\/wp\/v2\/product"}],"about":[{"href":"https:\/\/ventspils.citro.lv\/ru\/wp-json\/wp\/v2\/types\/product"}],"wp:featuredmedia":[{"embeddable":true,"href":"https:\/\/ventspils.citro.lv\/ru\/wp-json\/wp\/v2\/media\/1257865"}],"wp:attachment":[{"href":"https:\/\/ventspils.citro.lv\/ru\/wp-json\/wp\/v2\/media?parent=855616"}],"wp:term":[{"taxonomy":"product_cat","embeddable":true,"href":"https:\/\/ventspils.citro.lv\/ru\/wp-json\/wp\/v2\/product_cat?post=855616"},{"taxonomy":"product_tag","embeddable":true,"href":"https:\/\/ventspils.citro.lv\/ru\/wp-json\/wp\/v2\/product_tag?post=855616"}],"curies":[{"name":"wp","href":"https:\/\/api.w.org\/{rel}","templated":true}]}}