{"id":853725,"date":"2026-05-01T01:27:16","date_gmt":"2026-04-30T22:27:16","guid":{"rendered":"https:\/\/ventspils.citro.lv\/veikals\/mineraludens-venden-dabigais-gazets-1-5l-2\/"},"modified":"2026-05-01T01:27:27","modified_gmt":"2026-04-30T22:27:27","slug":"mineraludens-venden-dabigais-gazets-1-5l-2","status":"publish","type":"product","link":"https:\/\/ventspils.citro.lv\/ru\/veikals\/mineraludens-venden-dabigais-gazets-1-5l-2\/","title":{"rendered":"Miner\u0101l\u016bdens Venden dab\u012bgais g\u0101z\u0113ts 1.5l"},"content":{"rendered":"","protected":false},"excerpt":{"rendered":"<p>0.43 \u20ac\/l<\/p>\n","protected":false},"featured_media":1255368,"template":"","meta":{"_acf_changed":false,"inline_featured_image":false},"product_cat":[106,186],"product_tag":[],"acf":[],"aioseo_notices":[],"_links":{"self":[{"href":"https:\/\/ventspils.citro.lv\/ru\/wp-json\/wp\/v2\/product\/853725"}],"collection":[{"href":"https:\/\/ventspils.citro.lv\/ru\/wp-json\/wp\/v2\/product"}],"about":[{"href":"https:\/\/ventspils.citro.lv\/ru\/wp-json\/wp\/v2\/types\/product"}],"wp:featuredmedia":[{"embeddable":true,"href":"https:\/\/ventspils.citro.lv\/ru\/wp-json\/wp\/v2\/media\/1255368"}],"wp:attachment":[{"href":"https:\/\/ventspils.citro.lv\/ru\/wp-json\/wp\/v2\/media?parent=853725"}],"wp:term":[{"taxonomy":"product_cat","embeddable":true,"href":"https:\/\/ventspils.citro.lv\/ru\/wp-json\/wp\/v2\/product_cat?post=853725"},{"taxonomy":"product_tag","embeddable":true,"href":"https:\/\/ventspils.citro.lv\/ru\/wp-json\/wp\/v2\/product_tag?post=853725"}],"curies":[{"name":"wp","href":"https:\/\/api.w.org\/{rel}","templated":true}]}}