{"id":85153,"date":"2026-04-24T08:12:44","date_gmt":"2026-04-24T05:12:44","guid":{"rendered":"https:\/\/ventspils.citro.lv\/veikals\/teja-loyd-pyramids-auglu-ar-avenu-citronu-garsu-40g\/"},"modified":"2026-04-24T08:12:49","modified_gmt":"2026-04-24T05:12:49","slug":"teja-auglu-ar-avenucitronu-garsu-loyd-pyramids-40g","status":"publish","type":"product","link":"https:\/\/ventspils.citro.lv\/ru\/veikals\/teja-auglu-ar-avenucitronu-garsu-loyd-pyramids-40g\/","title":{"rendered":"T\u0113ja aug\u013cu ar ave\u0146u,citronu gar\u0161u Loyd Pyramids 40g"},"content":{"rendered":"","protected":false},"excerpt":{"rendered":"<p>47.25 \u20ac\/kg<\/p>\n","protected":false},"featured_media":1252510,"template":"","meta":{"_acf_changed":false,"inline_featured_image":false},"product_cat":[142,143],"product_tag":[],"acf":[],"aioseo_notices":[],"_links":{"self":[{"href":"https:\/\/ventspils.citro.lv\/ru\/wp-json\/wp\/v2\/product\/85153"}],"collection":[{"href":"https:\/\/ventspils.citro.lv\/ru\/wp-json\/wp\/v2\/product"}],"about":[{"href":"https:\/\/ventspils.citro.lv\/ru\/wp-json\/wp\/v2\/types\/product"}],"wp:featuredmedia":[{"embeddable":true,"href":"https:\/\/ventspils.citro.lv\/ru\/wp-json\/wp\/v2\/media\/1252510"}],"wp:attachment":[{"href":"https:\/\/ventspils.citro.lv\/ru\/wp-json\/wp\/v2\/media?parent=85153"}],"wp:term":[{"taxonomy":"product_cat","embeddable":true,"href":"https:\/\/ventspils.citro.lv\/ru\/wp-json\/wp\/v2\/product_cat?post=85153"},{"taxonomy":"product_tag","embeddable":true,"href":"https:\/\/ventspils.citro.lv\/ru\/wp-json\/wp\/v2\/product_tag?post=85153"}],"curies":[{"name":"wp","href":"https:\/\/api.w.org\/{rel}","templated":true}]}}