{"id":84406,"date":"2026-04-23T08:27:22","date_gmt":"2026-04-23T05:27:22","guid":{"rendered":"https:\/\/ventspils.citro.lv\/veikals\/zupa-auksta-ar-kefiru-citro-500g\/"},"modified":"2026-04-23T08:27:33","modified_gmt":"2026-04-23T05:27:33","slug":"zupa-auksta-ar-kefiru-citro-500g","status":"publish","type":"product","link":"https:\/\/ventspils.citro.lv\/ru\/veikals\/zupa-auksta-ar-kefiru-citro-500g\/","title":{"rendered":"Zupa aukst\u0101 ar kef\u012bru Citro 500g"},"content":{"rendered":"<p>Sast\u0101vda\u013c\u0101s:KEF\u012aRS,svaigais gur\u0137is,marin\u0113tas bietes,OLAS,SINEPES,dilles,p\u0101rtikas s\u0101ls,melni malti pipari.Ener\u0123\u0113tisk\u0101 v\u0113tr\u012bba 100g: 996.46kJ\/238kcal, tauki 11g, pies.tauksk.6g, og\u013chidr\u0101ti 24g, cukurs 21g, olbaltumvielas 13g, \u0161\u0137iedrvielas 3g, s\u0101ls 0.4g.  Uzglab\u0101t pie t. +2+6. Ra\u017eot\u0101js: SIA &#171;Di\u0101na- Bistro&#187;. Andreja iela 5, Ventspils LV-3601. Izlietot l\u012bdz: Skat\u012bt uz iepakojuma.<\/p>\n","protected":false},"excerpt":{"rendered":"<p>3.38 \u20ac\/kg<\/p>\n","protected":false},"featured_media":1250341,"template":"","meta":{"_acf_changed":false,"inline_featured_image":false},"product_cat":[113,222],"product_tag":[],"acf":[],"aioseo_notices":[],"_links":{"self":[{"href":"https:\/\/ventspils.citro.lv\/ru\/wp-json\/wp\/v2\/product\/84406"}],"collection":[{"href":"https:\/\/ventspils.citro.lv\/ru\/wp-json\/wp\/v2\/product"}],"about":[{"href":"https:\/\/ventspils.citro.lv\/ru\/wp-json\/wp\/v2\/types\/product"}],"wp:featuredmedia":[{"embeddable":true,"href":"https:\/\/ventspils.citro.lv\/ru\/wp-json\/wp\/v2\/media\/1250341"}],"wp:attachment":[{"href":"https:\/\/ventspils.citro.lv\/ru\/wp-json\/wp\/v2\/media?parent=84406"}],"wp:term":[{"taxonomy":"product_cat","embeddable":true,"href":"https:\/\/ventspils.citro.lv\/ru\/wp-json\/wp\/v2\/product_cat?post=84406"},{"taxonomy":"product_tag","embeddable":true,"href":"https:\/\/ventspils.citro.lv\/ru\/wp-json\/wp\/v2\/product_tag?post=84406"}],"curies":[{"name":"wp","href":"https:\/\/api.w.org\/{rel}","templated":true}]}}