{"id":84405,"date":"2026-05-06T02:25:01","date_gmt":"2026-05-05T23:25:01","guid":{"rendered":"https:\/\/ventspils.citro.lv\/veikals\/zupa-auksta-citro-500g\/"},"modified":"2026-05-06T02:25:05","modified_gmt":"2026-05-05T23:25:05","slug":"zupa-auksta-citro-500g","status":"publish","type":"product","link":"https:\/\/ventspils.citro.lv\/ru\/veikals\/zupa-auksta-citro-500g\/","title":{"rendered":"Zupa aukst\u0101 Citro 500g"},"content":{"rendered":"<p>Sast\u0101vs:\u016adens,marin\u0113tas bietes,svaigais gur\u0137is, v\u0101r\u012bta desa ,OLAS,loci\u0146i,cukurs,dilles ,p\u0101rtikas s\u0101ls,SINEPES,eti\u0137a esence.  Uzglab\u0101t  t.+2+6. Ra\u017eot\u0101js Di\u0101na SIA bistro<\/p>\n","protected":false},"excerpt":{"rendered":"<p>4.38 \u20ac\/kg<\/p>\n","protected":false},"featured_media":1256248,"template":"","meta":{"_acf_changed":false,"inline_featured_image":false},"product_cat":[113,222],"product_tag":[],"acf":[],"aioseo_notices":[],"_links":{"self":[{"href":"https:\/\/ventspils.citro.lv\/ru\/wp-json\/wp\/v2\/product\/84405"}],"collection":[{"href":"https:\/\/ventspils.citro.lv\/ru\/wp-json\/wp\/v2\/product"}],"about":[{"href":"https:\/\/ventspils.citro.lv\/ru\/wp-json\/wp\/v2\/types\/product"}],"wp:featuredmedia":[{"embeddable":true,"href":"https:\/\/ventspils.citro.lv\/ru\/wp-json\/wp\/v2\/media\/1256248"}],"wp:attachment":[{"href":"https:\/\/ventspils.citro.lv\/ru\/wp-json\/wp\/v2\/media?parent=84405"}],"wp:term":[{"taxonomy":"product_cat","embeddable":true,"href":"https:\/\/ventspils.citro.lv\/ru\/wp-json\/wp\/v2\/product_cat?post=84405"},{"taxonomy":"product_tag","embeddable":true,"href":"https:\/\/ventspils.citro.lv\/ru\/wp-json\/wp\/v2\/product_tag?post=84405"}],"curies":[{"name":"wp","href":"https:\/\/api.w.org\/{rel}","templated":true}]}}