{"id":84400,"date":"2026-04-28T03:37:00","date_gmt":"2026-04-28T00:37:00","guid":{"rendered":"https:\/\/ventspils.citro.lv\/veikals\/torte-baltais-lacis-700g\/"},"modified":"2026-04-28T03:37:06","modified_gmt":"2026-04-28T00:37:06","slug":"torte-baltais-lacis-700g","status":"publish","type":"product","link":"https:\/\/ventspils.citro.lv\/ru\/veikals\/torte-baltais-lacis-700g\/","title":{"rendered":"Torte Baltais l\u0101cis 700g"},"content":{"rendered":"<p>Sast\u0101vda\u013cas: Biskv\u012bts (OLAS, cukurs, e\u013c\u013ca saulespu\u0137u,Mafinu mais\u012bjums (KVIE\u0160U milti,  KVIE\u0160U ciete, irdin\u0101t\u0101ji E450, E500saldais S\u016aKALU pulveris, OLBALTUMA pulveris, v\u0101r\u0101mais s\u0101ls, aromatiz\u0113t\u0101js, p\u0101rtikas kr\u0101svielas kurkums, paprika; antioksidants E300), KVIE\u0160U milti)),\u0161okol\u0101des kr\u0113ms balts (cukurs, augu e\u013c\u013ca (saulespu\u0137u, palmu), sausais V\u0100JPIENA pulveris, augu tauki (palmu), piln\u012bgi hidrogen\u0113ti augu tauki (palmu kauli\u0146u, palmu), emul\u0123\u0113t\u0101js (E322) un aromatiz\u0113t\u0101js), putukr\u0113jums uz augu tauku b\u0101zes (\u016adens, piln\u012bgi hidrogen\u0113ta palmu kodolu e\u013c\u013ca 25%, cukurs 12%, PIENA olbaltumvielas, emulgatori: E472b, E322 [SOJA], E472e; stabiliz\u0113t\u0101ji: E460, E466, E340; aromatiz\u0113t\u0101js, kr\u0101sviela: E160a ), KR\u0112JUMS sk\u0101bais 25 %, putkr\u0113juma stabilizators biezpienam (cukurs,V\u0100JPIENA BIEZPIENA pulveris, dekstroze, PANI\u0145U PULVERIS, \u017eelat\u012bns (liellopu), modific\u0113ta ciete, biezin\u0101t\u0101js E410, sk\u0101buma regl\u0113t\u0101js: E330, dab\u012bgs aromatiz\u0113t\u0101js,V\u0100JPIENA pulveris), pild\u012bjums v\u0101r\u012bts konditorejai &#171;Extra&#187; (cukurs, V\u0100JPIENA pulveris, \u016bdens, palmu e\u013c\u013ca (RSPO MB), biezin\u0101t\u0101js (kukur\u016bzas ciete), stabiliz\u0113t\u0101ji (E401, E509), citrusaug\u013cu \u0161\u0137iedrvielas, konservants (k\u0101lija sorb\u0101ts), \u0161okol\u0101des kr\u0113ms br\u016bns (cukurs, kakao pulveris ar samazin\u0101tu tauku saturu, augu e\u013c\u013ca [saulespu\u0137u], augu tauki [palmu], da\u013c\u0113ji hidrogen\u0113ti augu tauki [palmu kodolu e\u013c\u013ca], V\u0100JPIENA pulveris, lazdu RIEKSTI, piln\u012bgi hidrogen\u0113ti augu tauki [palmu], emulgators: E322 [saulespu\u0137u]; aromatiz\u0113t\u0101js, antioksidanti: E304i, E306),citronsk\u0101be. Uzglab\u0101\u0161anas apst\u0101k\u013ci: +20&#8230;+60C. Ra\u017eot\u0101js: SIA &#171;Di\u0101na-bistro&#187;, J.Poruka iela 16 Ventspils LV-3601. Izlietot l\u012bdz: Skat\u012bt uz iepakojuma.<\/p>\n","protected":false},"excerpt":{"rendered":"<p>10.56 \u20ac\/kg<\/p>\n","protected":false},"featured_media":1254373,"template":"","meta":{"_acf_changed":false,"inline_featured_image":false},"product_cat":[109,220],"product_tag":[],"acf":[],"aioseo_notices":[],"_links":{"self":[{"href":"https:\/\/ventspils.citro.lv\/ru\/wp-json\/wp\/v2\/product\/84400"}],"collection":[{"href":"https:\/\/ventspils.citro.lv\/ru\/wp-json\/wp\/v2\/product"}],"about":[{"href":"https:\/\/ventspils.citro.lv\/ru\/wp-json\/wp\/v2\/types\/product"}],"wp:featuredmedia":[{"embeddable":true,"href":"https:\/\/ventspils.citro.lv\/ru\/wp-json\/wp\/v2\/media\/1254373"}],"wp:attachment":[{"href":"https:\/\/ventspils.citro.lv\/ru\/wp-json\/wp\/v2\/media?parent=84400"}],"wp:term":[{"taxonomy":"product_cat","embeddable":true,"href":"https:\/\/ventspils.citro.lv\/ru\/wp-json\/wp\/v2\/product_cat?post=84400"},{"taxonomy":"product_tag","embeddable":true,"href":"https:\/\/ventspils.citro.lv\/ru\/wp-json\/wp\/v2\/product_tag?post=84400"}],"curies":[{"name":"wp","href":"https:\/\/api.w.org\/{rel}","templated":true}]}}