{"id":840786,"date":"2026-04-14T04:00:02","date_gmt":"2026-04-14T01:00:02","guid":{"rendered":"https:\/\/ventspils.citro.lv\/veikals\/kruasans-ar-piena-vanilas-pildijumu-45g\/"},"modified":"2026-04-16T12:41:00","modified_gmt":"2026-04-16T09:41:00","slug":"kruasans-ar-piena-vanilas-pildijumu-45g","status":"publish","type":"product","link":"https:\/\/ventspils.citro.lv\/ru\/veikals\/kruasans-ar-piena-vanilas-pildijumu-45g\/","title":{"rendered":"Kruas\u0101ns ar piena-vani\u013cas pild\u012bjumu 45g"},"content":{"rendered":"","protected":false},"excerpt":{"rendered":"<p>8.67 \u20ac\/kg<\/p>\n","protected":false},"featured_media":1245612,"template":"","meta":{"_acf_changed":false,"inline_featured_image":false},"product_cat":[125,139],"product_tag":[],"acf":[],"aioseo_notices":[],"_links":{"self":[{"href":"https:\/\/ventspils.citro.lv\/ru\/wp-json\/wp\/v2\/product\/840786"}],"collection":[{"href":"https:\/\/ventspils.citro.lv\/ru\/wp-json\/wp\/v2\/product"}],"about":[{"href":"https:\/\/ventspils.citro.lv\/ru\/wp-json\/wp\/v2\/types\/product"}],"wp:featuredmedia":[{"embeddable":true,"href":"https:\/\/ventspils.citro.lv\/ru\/wp-json\/wp\/v2\/media\/1245612"}],"wp:attachment":[{"href":"https:\/\/ventspils.citro.lv\/ru\/wp-json\/wp\/v2\/media?parent=840786"}],"wp:term":[{"taxonomy":"product_cat","embeddable":true,"href":"https:\/\/ventspils.citro.lv\/ru\/wp-json\/wp\/v2\/product_cat?post=840786"},{"taxonomy":"product_tag","embeddable":true,"href":"https:\/\/ventspils.citro.lv\/ru\/wp-json\/wp\/v2\/product_tag?post=840786"}],"curies":[{"name":"wp","href":"https:\/\/api.w.org\/{rel}","templated":true}]}}