{"id":840780,"date":"2026-05-12T07:15:41","date_gmt":"2026-05-12T04:15:41","guid":{"rendered":"https:\/\/ventspils.citro.lv\/veikals\/kruasans-ar-kirsu-pildijumu-45g\/"},"modified":"2026-05-12T07:15:52","modified_gmt":"2026-05-12T04:15:52","slug":"kruasans-ar-kirsu-pildijumu-45g","status":"publish","type":"product","link":"https:\/\/ventspils.citro.lv\/ru\/veikals\/kruasans-ar-kirsu-pildijumu-45g\/","title":{"rendered":"Kruas\u0101ns ar \u0137ir\u0161u pild\u012bjumu 45g"},"content":{"rendered":"","protected":false},"excerpt":{"rendered":"<p>12.22 \u20ac\/kg<\/p>\n","protected":false},"featured_media":1259625,"template":"","meta":{"_acf_changed":false,"inline_featured_image":false},"product_cat":[125,139],"product_tag":[],"acf":[],"aioseo_notices":[],"_links":{"self":[{"href":"https:\/\/ventspils.citro.lv\/ru\/wp-json\/wp\/v2\/product\/840780"}],"collection":[{"href":"https:\/\/ventspils.citro.lv\/ru\/wp-json\/wp\/v2\/product"}],"about":[{"href":"https:\/\/ventspils.citro.lv\/ru\/wp-json\/wp\/v2\/types\/product"}],"wp:featuredmedia":[{"embeddable":true,"href":"https:\/\/ventspils.citro.lv\/ru\/wp-json\/wp\/v2\/media\/1259625"}],"wp:attachment":[{"href":"https:\/\/ventspils.citro.lv\/ru\/wp-json\/wp\/v2\/media?parent=840780"}],"wp:term":[{"taxonomy":"product_cat","embeddable":true,"href":"https:\/\/ventspils.citro.lv\/ru\/wp-json\/wp\/v2\/product_cat?post=840780"},{"taxonomy":"product_tag","embeddable":true,"href":"https:\/\/ventspils.citro.lv\/ru\/wp-json\/wp\/v2\/product_tag?post=840780"}],"curies":[{"name":"wp","href":"https:\/\/api.w.org\/{rel}","templated":true}]}}