{"id":835021,"date":"2026-04-10T08:48:26","date_gmt":"2026-04-10T05:48:26","guid":{"rendered":"https:\/\/ventspils.citro.lv\/veikals\/biezenis-hipp-aboli-un-banani-ar-cepumiem-tubina-bio-100g\/"},"modified":"2026-04-10T08:48:37","modified_gmt":"2026-04-10T05:48:37","slug":"biezenis-hipp-aboli-un-banani-ar-cepumiem-tubina-bio-100g","status":"publish","type":"product","link":"https:\/\/ventspils.citro.lv\/ru\/veikals\/biezenis-hipp-aboli-un-banani-ar-cepumiem-tubina-bio-100g\/","title":{"rendered":"Biezenis Hipp \u0101boli un ban\u0101ni ar cepumiem t\u016bbi\u0146\u0101 Bio 100g"},"content":{"rendered":"","protected":false},"excerpt":{"rendered":"<p>15.60 \u20ac\/kg<\/p>\n","protected":false},"featured_media":1244002,"template":"","meta":{"_acf_changed":false,"inline_featured_image":false},"product_cat":[172,173],"product_tag":[],"acf":[],"aioseo_notices":[],"_links":{"self":[{"href":"https:\/\/ventspils.citro.lv\/ru\/wp-json\/wp\/v2\/product\/835021"}],"collection":[{"href":"https:\/\/ventspils.citro.lv\/ru\/wp-json\/wp\/v2\/product"}],"about":[{"href":"https:\/\/ventspils.citro.lv\/ru\/wp-json\/wp\/v2\/types\/product"}],"wp:featuredmedia":[{"embeddable":true,"href":"https:\/\/ventspils.citro.lv\/ru\/wp-json\/wp\/v2\/media\/1244002"}],"wp:attachment":[{"href":"https:\/\/ventspils.citro.lv\/ru\/wp-json\/wp\/v2\/media?parent=835021"}],"wp:term":[{"taxonomy":"product_cat","embeddable":true,"href":"https:\/\/ventspils.citro.lv\/ru\/wp-json\/wp\/v2\/product_cat?post=835021"},{"taxonomy":"product_tag","embeddable":true,"href":"https:\/\/ventspils.citro.lv\/ru\/wp-json\/wp\/v2\/product_tag?post=835021"}],"curies":[{"name":"wp","href":"https:\/\/api.w.org\/{rel}","templated":true}]}}