{"id":834567,"date":"2026-04-10T06:45:26","date_gmt":"2026-04-10T03:45:26","guid":{"rendered":"https:\/\/ventspils.citro.lv\/veikals\/zemenes-un-banani-ar-aboliem-tubina-bio-hipp-100g\/"},"modified":"2026-04-10T06:45:30","modified_gmt":"2026-04-10T03:45:30","slug":"biezenis-hipp-zemenes-un-banani-ar-aboliem-tubina-bio-100g","status":"publish","type":"product","link":"https:\/\/ventspils.citro.lv\/ru\/veikals\/biezenis-hipp-zemenes-un-banani-ar-aboliem-tubina-bio-100g\/","title":{"rendered":"Biezenis Hipp zemenes un ban\u0101ni ar \u0101boliem t\u016bbi\u0146\u0101 Bio 100g"},"content":{"rendered":"","protected":false},"excerpt":{"rendered":"<p>15.60 \u20ac\/kg<\/p>\n","protected":false},"featured_media":1243468,"template":"","meta":{"_acf_changed":false,"inline_featured_image":false},"product_cat":[172,173],"product_tag":[],"acf":[],"aioseo_notices":[],"_links":{"self":[{"href":"https:\/\/ventspils.citro.lv\/ru\/wp-json\/wp\/v2\/product\/834567"}],"collection":[{"href":"https:\/\/ventspils.citro.lv\/ru\/wp-json\/wp\/v2\/product"}],"about":[{"href":"https:\/\/ventspils.citro.lv\/ru\/wp-json\/wp\/v2\/types\/product"}],"wp:featuredmedia":[{"embeddable":true,"href":"https:\/\/ventspils.citro.lv\/ru\/wp-json\/wp\/v2\/media\/1243468"}],"wp:attachment":[{"href":"https:\/\/ventspils.citro.lv\/ru\/wp-json\/wp\/v2\/media?parent=834567"}],"wp:term":[{"taxonomy":"product_cat","embeddable":true,"href":"https:\/\/ventspils.citro.lv\/ru\/wp-json\/wp\/v2\/product_cat?post=834567"},{"taxonomy":"product_tag","embeddable":true,"href":"https:\/\/ventspils.citro.lv\/ru\/wp-json\/wp\/v2\/product_tag?post=834567"}],"curies":[{"name":"wp","href":"https:\/\/api.w.org\/{rel}","templated":true}]}}