{"id":827769,"date":"2026-05-12T07:51:11","date_gmt":"2026-05-12T04:51:11","guid":{"rendered":"https:\/\/ventspils.citro.lv\/veikals\/saldejums-rujienas-krej-ar-iebiez-pienu-vaf-konusa-110m-65\/"},"modified":"2026-05-13T16:34:11","modified_gmt":"2026-05-13T13:34:11","slug":"saldejums-rujienas-krej-ar-iebiez-pienu-vaf-konusa-110m-65","status":"publish","type":"product","link":"https:\/\/ventspils.citro.lv\/ru\/veikals\/saldejums-rujienas-krej-ar-iebiez-pienu-vaf-konusa-110m-65\/","title":{"rendered":"Sald\u0113jums R\u016bjienas kr\u0113j. ar iebiez.pienu vaf. konus\u0101 110m\/65"},"content":{"rendered":"","protected":false},"excerpt":{"rendered":"<p>10.00 \u20ac\/kg<\/p>\n","protected":false},"featured_media":1259766,"template":"","meta":{"_acf_changed":false,"inline_featured_image":false},"product_cat":[233,555],"product_tag":[],"acf":[],"aioseo_notices":[],"_links":{"self":[{"href":"https:\/\/ventspils.citro.lv\/ru\/wp-json\/wp\/v2\/product\/827769"}],"collection":[{"href":"https:\/\/ventspils.citro.lv\/ru\/wp-json\/wp\/v2\/product"}],"about":[{"href":"https:\/\/ventspils.citro.lv\/ru\/wp-json\/wp\/v2\/types\/product"}],"wp:featuredmedia":[{"embeddable":true,"href":"https:\/\/ventspils.citro.lv\/ru\/wp-json\/wp\/v2\/media\/1259766"}],"wp:attachment":[{"href":"https:\/\/ventspils.citro.lv\/ru\/wp-json\/wp\/v2\/media?parent=827769"}],"wp:term":[{"taxonomy":"product_cat","embeddable":true,"href":"https:\/\/ventspils.citro.lv\/ru\/wp-json\/wp\/v2\/product_cat?post=827769"},{"taxonomy":"product_tag","embeddable":true,"href":"https:\/\/ventspils.citro.lv\/ru\/wp-json\/wp\/v2\/product_tag?post=827769"}],"curies":[{"name":"wp","href":"https:\/\/api.w.org\/{rel}","templated":true}]}}