{"id":824,"date":"2026-04-14T02:30:26","date_gmt":"2026-04-13T23:30:26","guid":{"rendered":"http:\/\/cvent.dev.wmc.lv\/ventspils\/veikals\/olivas-kok-zalas-bez-kauliniem-300g\/"},"modified":"2026-04-14T02:30:30","modified_gmt":"2026-04-13T23:30:30","slug":"olivas-zalas-b-k-kok-300g-110g","status":"publish","type":"product","link":"https:\/\/ventspils.citro.lv\/ru\/veikals\/olivas-zalas-b-k-kok-300g-110g\/","title":{"rendered":"Ol\u012bvas za\u013c\u0101s b\/k Kok 300g\/110g"},"content":{"rendered":"","protected":false},"excerpt":{"rendered":"<p>5.50 \u20ac\/kg<\/p>\n","protected":false},"featured_media":1245195,"template":"","meta":{"_acf_changed":false,"inline_featured_image":false},"product_cat":[572,103],"product_tag":[],"acf":[],"aioseo_notices":[],"_links":{"self":[{"href":"https:\/\/ventspils.citro.lv\/ru\/wp-json\/wp\/v2\/product\/824"}],"collection":[{"href":"https:\/\/ventspils.citro.lv\/ru\/wp-json\/wp\/v2\/product"}],"about":[{"href":"https:\/\/ventspils.citro.lv\/ru\/wp-json\/wp\/v2\/types\/product"}],"wp:featuredmedia":[{"embeddable":true,"href":"https:\/\/ventspils.citro.lv\/ru\/wp-json\/wp\/v2\/media\/1245195"}],"wp:attachment":[{"href":"https:\/\/ventspils.citro.lv\/ru\/wp-json\/wp\/v2\/media?parent=824"}],"wp:term":[{"taxonomy":"product_cat","embeddable":true,"href":"https:\/\/ventspils.citro.lv\/ru\/wp-json\/wp\/v2\/product_cat?post=824"},{"taxonomy":"product_tag","embeddable":true,"href":"https:\/\/ventspils.citro.lv\/ru\/wp-json\/wp\/v2\/product_tag?post=824"}],"curies":[{"name":"wp","href":"https:\/\/api.w.org\/{rel}","templated":true}]}}