{"id":820871,"date":"2026-03-20T02:57:15","date_gmt":"2026-03-20T00:57:15","guid":{"rendered":"https:\/\/ventspils.citro.lv\/veikals\/saldejums-sulas-dolfin-maxi-polaretti-daz-gars-50ml-50g\/"},"modified":"2026-04-08T13:23:02","modified_gmt":"2026-04-08T10:23:02","slug":"saldejums-sulas-dolfin-maxi-polaretti-daz-gars-60ml-60g","status":"publish","type":"product","link":"https:\/\/ventspils.citro.lv\/ru\/veikals\/saldejums-sulas-dolfin-maxi-polaretti-daz-gars-60ml-60g\/","title":{"rendered":"Sald\u0113jums sulas Dolfin maxi polaretti da\u017e. gar\u0161. 60ml\/60g"},"content":{"rendered":"","protected":false},"excerpt":{"rendered":"<p>3.33 \u20ac\/kg<\/p>\n","protected":false},"featured_media":1229710,"template":"","meta":{"_acf_changed":false,"inline_featured_image":false},"product_cat":[233,555],"product_tag":[],"acf":[],"aioseo_notices":[],"_links":{"self":[{"href":"https:\/\/ventspils.citro.lv\/ru\/wp-json\/wp\/v2\/product\/820871"}],"collection":[{"href":"https:\/\/ventspils.citro.lv\/ru\/wp-json\/wp\/v2\/product"}],"about":[{"href":"https:\/\/ventspils.citro.lv\/ru\/wp-json\/wp\/v2\/types\/product"}],"wp:featuredmedia":[{"embeddable":true,"href":"https:\/\/ventspils.citro.lv\/ru\/wp-json\/wp\/v2\/media\/1229710"}],"wp:attachment":[{"href":"https:\/\/ventspils.citro.lv\/ru\/wp-json\/wp\/v2\/media?parent=820871"}],"wp:term":[{"taxonomy":"product_cat","embeddable":true,"href":"https:\/\/ventspils.citro.lv\/ru\/wp-json\/wp\/v2\/product_cat?post=820871"},{"taxonomy":"product_tag","embeddable":true,"href":"https:\/\/ventspils.citro.lv\/ru\/wp-json\/wp\/v2\/product_tag?post=820871"}],"curies":[{"name":"wp","href":"https:\/\/api.w.org\/{rel}","templated":true}]}}