{"id":8189,"date":"2026-04-24T07:15:26","date_gmt":"2026-04-24T04:15:26","guid":{"rendered":"https:\/\/eveikals.citro.lv\/ventspils\/veikals\/super-brokastis-auzu-ar-zemenem-160g\/"},"modified":"2026-04-24T07:15:37","modified_gmt":"2026-04-24T04:15:37","slug":"jogurts-grieku-ar-auzu-parslam-un-zemenem-160g","status":"publish","type":"product","link":"https:\/\/ventspils.citro.lv\/ru\/veikals\/jogurts-grieku-ar-auzu-parslam-un-zemenem-160g\/","title":{"rendered":"Jogurts Grie\u0137u ar auzu p\u0101rslam un zemen\u0113m 160g"},"content":{"rendered":"","protected":false},"excerpt":{"rendered":"<p>6.56 \u20ac\/kg<\/p>\n","protected":false},"featured_media":1252243,"template":"","meta":{"_acf_changed":false,"inline_featured_image":false},"product_cat":[95,188],"product_tag":[],"acf":[],"aioseo_notices":[],"_links":{"self":[{"href":"https:\/\/ventspils.citro.lv\/ru\/wp-json\/wp\/v2\/product\/8189"}],"collection":[{"href":"https:\/\/ventspils.citro.lv\/ru\/wp-json\/wp\/v2\/product"}],"about":[{"href":"https:\/\/ventspils.citro.lv\/ru\/wp-json\/wp\/v2\/types\/product"}],"wp:featuredmedia":[{"embeddable":true,"href":"https:\/\/ventspils.citro.lv\/ru\/wp-json\/wp\/v2\/media\/1252243"}],"wp:attachment":[{"href":"https:\/\/ventspils.citro.lv\/ru\/wp-json\/wp\/v2\/media?parent=8189"}],"wp:term":[{"taxonomy":"product_cat","embeddable":true,"href":"https:\/\/ventspils.citro.lv\/ru\/wp-json\/wp\/v2\/product_cat?post=8189"},{"taxonomy":"product_tag","embeddable":true,"href":"https:\/\/ventspils.citro.lv\/ru\/wp-json\/wp\/v2\/product_tag?post=8189"}],"curies":[{"name":"wp","href":"https:\/\/api.w.org\/{rel}","templated":true}]}}