{"id":8188,"date":"2026-03-27T07:39:26","date_gmt":"2026-03-27T05:39:26","guid":{"rendered":"https:\/\/eveikals.citro.lv\/ventspils\/veikals\/super-brokastis-auzu-ar-aboliem-kaneli-160g\/"},"modified":"2026-04-07T17:50:31","modified_gmt":"2026-04-07T14:50:31","slug":"jogurts-grieku-ar-auzu-parslam-aboliem-160g","status":"publish","type":"product","link":"https:\/\/ventspils.citro.lv\/ru\/veikals\/jogurts-grieku-ar-auzu-parslam-aboliem-160g\/","title":{"rendered":"Jogurts Grie\u0137u ar auzu p\u0101rsl\u0101m, \u0101boliem 160g"},"content":{"rendered":"","protected":false},"excerpt":{"rendered":"<p>5.56 \u20ac\/kg<\/p>\n","protected":false},"featured_media":1235877,"template":"","meta":{"_acf_changed":false,"inline_featured_image":false},"product_cat":[95,188],"product_tag":[],"acf":[],"aioseo_notices":[],"_links":{"self":[{"href":"https:\/\/ventspils.citro.lv\/ru\/wp-json\/wp\/v2\/product\/8188"}],"collection":[{"href":"https:\/\/ventspils.citro.lv\/ru\/wp-json\/wp\/v2\/product"}],"about":[{"href":"https:\/\/ventspils.citro.lv\/ru\/wp-json\/wp\/v2\/types\/product"}],"wp:featuredmedia":[{"embeddable":true,"href":"https:\/\/ventspils.citro.lv\/ru\/wp-json\/wp\/v2\/media\/1235877"}],"wp:attachment":[{"href":"https:\/\/ventspils.citro.lv\/ru\/wp-json\/wp\/v2\/media?parent=8188"}],"wp:term":[{"taxonomy":"product_cat","embeddable":true,"href":"https:\/\/ventspils.citro.lv\/ru\/wp-json\/wp\/v2\/product_cat?post=8188"},{"taxonomy":"product_tag","embeddable":true,"href":"https:\/\/ventspils.citro.lv\/ru\/wp-json\/wp\/v2\/product_tag?post=8188"}],"curies":[{"name":"wp","href":"https:\/\/api.w.org\/{rel}","templated":true}]}}