{"id":818274,"date":"2025-09-03T01:33:02","date_gmt":"2025-09-02T22:33:02","guid":{"rendered":"https:\/\/ventspils.citro.lv\/veikals\/atkalkosanas-lidzeklis-mayeri-0-5l\/"},"modified":"2026-03-21T08:40:32","modified_gmt":"2026-03-21T06:40:32","slug":"atkalkosanas-lidzeklis-mayeri-0-5l","status":"publish","type":"product","link":"https:\/\/ventspils.citro.lv\/ru\/veikals\/atkalkosanas-lidzeklis-mayeri-0-5l\/","title":{"rendered":"Atka\u013c\u0137o\u0161anas l\u012bdzeklis Mayeri 0.5l"},"content":{"rendered":"","protected":false},"excerpt":{"rendered":"<p>3.38 \u20ac\/l<\/p>\n","protected":false},"featured_media":1118748,"template":"","meta":{"_acf_changed":false,"inline_featured_image":false},"product_cat":[131,169],"product_tag":[],"acf":[],"aioseo_notices":[],"_links":{"self":[{"href":"https:\/\/ventspils.citro.lv\/ru\/wp-json\/wp\/v2\/product\/818274"}],"collection":[{"href":"https:\/\/ventspils.citro.lv\/ru\/wp-json\/wp\/v2\/product"}],"about":[{"href":"https:\/\/ventspils.citro.lv\/ru\/wp-json\/wp\/v2\/types\/product"}],"wp:featuredmedia":[{"embeddable":true,"href":"https:\/\/ventspils.citro.lv\/ru\/wp-json\/wp\/v2\/media\/1118748"}],"wp:attachment":[{"href":"https:\/\/ventspils.citro.lv\/ru\/wp-json\/wp\/v2\/media?parent=818274"}],"wp:term":[{"taxonomy":"product_cat","embeddable":true,"href":"https:\/\/ventspils.citro.lv\/ru\/wp-json\/wp\/v2\/product_cat?post=818274"},{"taxonomy":"product_tag","embeddable":true,"href":"https:\/\/ventspils.citro.lv\/ru\/wp-json\/wp\/v2\/product_tag?post=818274"}],"curies":[{"name":"wp","href":"https:\/\/api.w.org\/{rel}","templated":true}]}}