{"id":8159,"date":"2026-04-18T01:24:53","date_gmt":"2026-04-17T22:24:53","guid":{"rendered":"https:\/\/eveikals.citro.lv\/ventspils\/veikals\/grauzdini-maizes-ar-siera-un-sipolu-garsu-80g\/"},"modified":"2026-04-18T01:25:04","modified_gmt":"2026-04-17T22:25:04","slug":"grauzdini-maizes-ar-siera-un-sipolu-garsu-80g","status":"publish","type":"product","link":"https:\/\/ventspils.citro.lv\/ru\/veikals\/grauzdini-maizes-ar-siera-un-sipolu-garsu-80g\/","title":{"rendered":"Grauzdi\u0146i maizes ar siera un s\u012bpolu gar\u0161u 80g"},"content":{"rendered":"","protected":false},"excerpt":{"rendered":"<p>9.88 \u20ac\/kg<\/p>\n","protected":false},"featured_media":1247107,"template":"","meta":{"_acf_changed":false,"inline_featured_image":false},"product_cat":[215,218],"product_tag":[],"acf":[],"aioseo_notices":[],"_links":{"self":[{"href":"https:\/\/ventspils.citro.lv\/ru\/wp-json\/wp\/v2\/product\/8159"}],"collection":[{"href":"https:\/\/ventspils.citro.lv\/ru\/wp-json\/wp\/v2\/product"}],"about":[{"href":"https:\/\/ventspils.citro.lv\/ru\/wp-json\/wp\/v2\/types\/product"}],"wp:featuredmedia":[{"embeddable":true,"href":"https:\/\/ventspils.citro.lv\/ru\/wp-json\/wp\/v2\/media\/1247107"}],"wp:attachment":[{"href":"https:\/\/ventspils.citro.lv\/ru\/wp-json\/wp\/v2\/media?parent=8159"}],"wp:term":[{"taxonomy":"product_cat","embeddable":true,"href":"https:\/\/ventspils.citro.lv\/ru\/wp-json\/wp\/v2\/product_cat?post=8159"},{"taxonomy":"product_tag","embeddable":true,"href":"https:\/\/ventspils.citro.lv\/ru\/wp-json\/wp\/v2\/product_tag?post=8159"}],"curies":[{"name":"wp","href":"https:\/\/api.w.org\/{rel}","templated":true}]}}