{"id":8152,"date":"2026-05-12T05:51:03","date_gmt":"2026-05-12T02:51:03","guid":{"rendered":"https:\/\/eveikals.citro.lv\/ventspils\/veikals\/olivella-pomace-santolino-1l\/"},"modified":"2026-05-12T05:51:12","modified_gmt":"2026-05-12T02:51:12","slug":"olivella-pomace-santolino-1l","status":"publish","type":"product","link":"https:\/\/ventspils.citro.lv\/ru\/veikals\/olivella-pomace-santolino-1l\/","title":{"rendered":"Ol\u012bve\u013c\u013ca Pomace Santolino 1l"},"content":{"rendered":"","protected":false},"excerpt":{"rendered":"<p>9.99 \u20ac\/l<\/p>\n","protected":false},"featured_media":1259228,"template":"","meta":{"_acf_changed":false,"inline_featured_image":false},"product_cat":[116,164],"product_tag":[],"acf":[],"aioseo_notices":[],"_links":{"self":[{"href":"https:\/\/ventspils.citro.lv\/ru\/wp-json\/wp\/v2\/product\/8152"}],"collection":[{"href":"https:\/\/ventspils.citro.lv\/ru\/wp-json\/wp\/v2\/product"}],"about":[{"href":"https:\/\/ventspils.citro.lv\/ru\/wp-json\/wp\/v2\/types\/product"}],"wp:featuredmedia":[{"embeddable":true,"href":"https:\/\/ventspils.citro.lv\/ru\/wp-json\/wp\/v2\/media\/1259228"}],"wp:attachment":[{"href":"https:\/\/ventspils.citro.lv\/ru\/wp-json\/wp\/v2\/media?parent=8152"}],"wp:term":[{"taxonomy":"product_cat","embeddable":true,"href":"https:\/\/ventspils.citro.lv\/ru\/wp-json\/wp\/v2\/product_cat?post=8152"},{"taxonomy":"product_tag","embeddable":true,"href":"https:\/\/ventspils.citro.lv\/ru\/wp-json\/wp\/v2\/product_tag?post=8152"}],"curies":[{"name":"wp","href":"https:\/\/api.w.org\/{rel}","templated":true}]}}