{"id":815,"date":"2026-04-24T07:45:02","date_gmt":"2026-04-24T04:45:02","guid":{"rendered":"http:\/\/cvent.dev.wmc.lv\/ventspils\/veikals\/tostersiers-ar-skinki-130g-mlekovita\/"},"modified":"2026-04-24T07:45:08","modified_gmt":"2026-04-24T04:45:08","slug":"toste-siers-ar-skinki-skelites-130g","status":"publish","type":"product","link":"https:\/\/ventspils.citro.lv\/ru\/veikals\/toste-siers-ar-skinki-skelites-130g\/","title":{"rendered":"Toste siers ar \u0161\u0137i\u0146\u0137i \u0161\u0137\u0113l\u012bt\u0113s 130g"},"content":{"rendered":"","protected":false},"excerpt":{"rendered":"<p>12.23 \u20ac\/kg<\/p>\n","protected":false},"featured_media":1252370,"template":"","meta":{"_acf_changed":false,"inline_featured_image":false},"product_cat":[95,224],"product_tag":[],"acf":[],"aioseo_notices":[],"_links":{"self":[{"href":"https:\/\/ventspils.citro.lv\/ru\/wp-json\/wp\/v2\/product\/815"}],"collection":[{"href":"https:\/\/ventspils.citro.lv\/ru\/wp-json\/wp\/v2\/product"}],"about":[{"href":"https:\/\/ventspils.citro.lv\/ru\/wp-json\/wp\/v2\/types\/product"}],"wp:featuredmedia":[{"embeddable":true,"href":"https:\/\/ventspils.citro.lv\/ru\/wp-json\/wp\/v2\/media\/1252370"}],"wp:attachment":[{"href":"https:\/\/ventspils.citro.lv\/ru\/wp-json\/wp\/v2\/media?parent=815"}],"wp:term":[{"taxonomy":"product_cat","embeddable":true,"href":"https:\/\/ventspils.citro.lv\/ru\/wp-json\/wp\/v2\/product_cat?post=815"},{"taxonomy":"product_tag","embeddable":true,"href":"https:\/\/ventspils.citro.lv\/ru\/wp-json\/wp\/v2\/product_tag?post=815"}],"curies":[{"name":"wp","href":"https:\/\/api.w.org\/{rel}","templated":true}]}}