{"id":8138,"date":"2026-05-12T05:33:57","date_gmt":"2026-05-12T02:33:57","guid":{"rendered":"https:\/\/eveikals.citro.lv\/ventspils\/veikals\/merce-fri-kartupeliem-220g\/"},"modified":"2026-05-12T05:34:00","modified_gmt":"2026-05-12T02:34:00","slug":"merce-fri-kartupeliem-220g","status":"publish","type":"product","link":"https:\/\/ventspils.citro.lv\/ru\/veikals\/merce-fri-kartupeliem-220g\/","title":{"rendered":"M\u0113rce fr\u012b kartupe\u013ciem 220g"},"content":{"rendered":"","protected":false},"excerpt":{"rendered":"<p>11.77 \u20ac\/kg<\/p>\n","protected":false},"featured_media":1259151,"template":"","meta":{"_acf_changed":false,"inline_featured_image":false},"product_cat":[116,208],"product_tag":[],"acf":[],"aioseo_notices":[],"_links":{"self":[{"href":"https:\/\/ventspils.citro.lv\/ru\/wp-json\/wp\/v2\/product\/8138"}],"collection":[{"href":"https:\/\/ventspils.citro.lv\/ru\/wp-json\/wp\/v2\/product"}],"about":[{"href":"https:\/\/ventspils.citro.lv\/ru\/wp-json\/wp\/v2\/types\/product"}],"wp:featuredmedia":[{"embeddable":true,"href":"https:\/\/ventspils.citro.lv\/ru\/wp-json\/wp\/v2\/media\/1259151"}],"wp:attachment":[{"href":"https:\/\/ventspils.citro.lv\/ru\/wp-json\/wp\/v2\/media?parent=8138"}],"wp:term":[{"taxonomy":"product_cat","embeddable":true,"href":"https:\/\/ventspils.citro.lv\/ru\/wp-json\/wp\/v2\/product_cat?post=8138"},{"taxonomy":"product_tag","embeddable":true,"href":"https:\/\/ventspils.citro.lv\/ru\/wp-json\/wp\/v2\/product_tag?post=8138"}],"curies":[{"name":"wp","href":"https:\/\/api.w.org\/{rel}","templated":true}]}}